{"id":12461,"date":"2017-06-07T10:55:22","date_gmt":"2017-06-07T10:55:22","guid":{"rendered":"https:\/\/chargingyourev.eu\/about-cirve\/"},"modified":"2021-09-16T15:33:34","modified_gmt":"2021-09-16T15:33:34","slug":"sobre-cirve","status":"publish","type":"page","link":"https:\/\/cirveproject.com\/es\/sobre-cirve\/","title":{"rendered":"Sobre CIRVE"},"content":{"rendered":"<style type=\"text\/css\"> \n#cmsmasters_row_69e90626ecd0f { \n\tbackground-color:#ffffff;\n} \n\n#cmsmasters_row_69e90626ecd0f .cmsmasters_row_outer_parent { \n\tpadding-top: 0px; \n} \n\n#cmsmasters_row_69e90626ecd0f .cmsmasters_row_outer_parent { \n\tpadding-bottom: 0px; \n} \n\n#cmsmasters_row_69e90626ecd0f .cmsmasters_row_inner.cmsmasters_row_fullwidth { \n\tpadding-left:0%; \n} \n#cmsmasters_row_69e90626ecd0f .cmsmasters_row_inner.cmsmasters_row_fullwidth { \n\tpadding-right:0%; \n} \n \n\n#cmsmasters_fb_69e90626ecf12 { \n\tpadding-top:0px; \n\tpadding-bottom:0px; \n} \n\n#cmsmasters_fb_69e90626ecf12 .featured_block_inner { \n\twidth: 100%; \n\tpadding: ; \n\ttext-align: left; \n\tmargin:0 auto; \n} \n\n#cmsmasters_fb_69e90626ecf12 .featured_block_text { \n\ttext-align: left; \n} \n\n \n\n#cmsmasters_fb_69e90626ed06a { \n\tpadding-top:0px; \n\tpadding-bottom:0px; \n\tbackground-color:#ffffff;\n} \n\n#cmsmasters_fb_69e90626ed06a .featured_block_inner { \n\twidth: 90%; \n\tpadding: 12% 13% 0% 0%; \n\ttext-align: left; \n\tmargin:0 auto; \n} \n\n#cmsmasters_fb_69e90626ed06a .featured_block_text { \n\ttext-align: left; \n} \n\n \n#cmsmasters_row_69e90626ed278 { \n\tbackground-color:#ffffff;\n} \n\n#cmsmasters_row_69e90626ed278 .cmsmasters_row_outer_parent { \n\tpadding-top: 0px; \n} \n\n#cmsmasters_row_69e90626ed278 .cmsmasters_row_outer_parent { \n\tpadding-bottom: 50px; \n} \n\n \n#cmsmasters_heading_69e90626ed5a3 { \n\ttext-align:center; \n\tmargin-top:60px; \n\tmargin-bottom:20px; \n} \n\n#cmsmasters_heading_69e90626ed5a3 .cmsmasters_heading { \n\ttext-align:center; \n} \n\n#cmsmasters_heading_69e90626ed5a3 .cmsmasters_heading, #cmsmasters_heading_69e90626ed5a3 .cmsmasters_heading a { \n\tfont-size:45px; \n\tfont-weight:normal; \n\tfont-style:normal; \n\tcolor:#53d572;\n} \n\n#cmsmasters_heading_69e90626ed5a3 .cmsmasters_heading_divider { \n} \n\n \n#cmsmasters_row_69e90626ed615 .cmsmasters_row_outer_parent { \n\tpadding-top: 0px; \n} \n\n#cmsmasters_row_69e90626ed615 .cmsmasters_row_outer_parent { \n\tpadding-bottom: 50px; \n} \n\n \n#cmsmasters_row_69e90626ed8e8 .cmsmasters_row_outer_parent { \n\tpadding-top: 0px; \n} \n\n#cmsmasters_row_69e90626ed8e8 .cmsmasters_row_outer_parent { \n\tpadding-bottom: 50px; \n} \n\n \n#cmsmasters_row_69e90626edcd1 { \n\tbackground-color:#f9f9f9;\n} \n\n#cmsmasters_row_69e90626edcd1 .cmsmasters_row_outer_parent { \n\tpadding-top: 90px; \n} \n\n#cmsmasters_row_69e90626edcd1 .cmsmasters_row_outer_parent { \n\tpadding-bottom: 100px; \n} \n\n \n#cmsmasters_heading_69e90626ee056 { \n\ttext-align:center; \n\tmargin-top:0px; \n\tmargin-bottom:40px; \n} \n\n#cmsmasters_heading_69e90626ee056 .cmsmasters_heading { \n\ttext-align:center; \n} \n\n#cmsmasters_heading_69e90626ee056 .cmsmasters_heading, #cmsmasters_heading_69e90626ee056 .cmsmasters_heading a { \n\tfont-size:45px; \n\tfont-weight:normal; \n\tfont-style:normal; \n\tcolor:#53d572;\n} \n\n#cmsmasters_heading_69e90626ee056 .cmsmasters_heading_divider { \n} \n\n<\/style><div id=\"cmsmasters_row_69e90626ec94a\" class=\"cmsmasters_row cmsmasters_color_scheme_default cmsmasters_row_top_default cmsmasters_row_bot_default cmsmasters_row_boxed\">\n<div class=\"cmsmasters_row_outer_parent\">\n<div class=\"cmsmasters_row_outer\">\n<div class=\"cmsmasters_row_inner\">\n<div class=\"cmsmasters_row_margin\">\n<div class=\"cmsmasters_column one_first\">\n<div class=\"cmsmasters_text\">\n<p>&nbsp;<\/p>\n<\/div>\n<\/div>\n<\/div>\n<\/div>\n<\/div>\n<\/div>\n<\/div>\n<div id=\"cmsmasters_row_69e90626ecd0f\" class=\"cmsmasters_row cmsmasters_color_scheme_default cmsmasters_row_top_default cmsmasters_row_bot_default cmsmasters_row_fullwidth\">\n<div id=\"project\" class=\"cmsmasters_row_outer_parent\">\n<div class=\"cmsmasters_row_outer\">\n<div class=\"cmsmasters_row_inner cmsmasters_row_fullwidth\">\n<div class=\"cmsmasters_row_margin\">\n<div class=\"cmsmasters_column one_half\">\n<div id=\"cmsmasters_fb_69e90626ecf12\" class=\"cmsmasters_featured_block\">\n<div class=\"featured_block_inner\">\n<div class=\"featured_block_text\">\n<iframe loading=\"lazy\" src=\"https:\/\/www.google.com\/maps\/d\/embed?mid=1TvBfu41DowwGIcqFpFgmK4PxT1p_oBk6\" width=\"100%\" height=\"480\"><\/iframe>\n<\/div>\n<\/div>\n<\/div>\n<\/div>\n<div class=\"cmsmasters_column one_half\">\n<div id=\"cmsmasters_fb_69e90626ed06a\" class=\"cmsmasters_featured_block\">\n<div class=\"featured_block_inner\">\n<div class=\"featured_block_text\">\n<h3><strong><span style=\"color: #46c965;\">EL PROYECTO<\/span><\/strong><\/h3>\n<p>La Acci\u00f3n tiene lugar en los Corredores Atl\u00e1ntico y Mediterr\u00e1neos de Espa\u00f1a y Portugal (aunque existe una Acci\u00f3n \u201cgemela\u201d denominada Cirve_PT que herman\u00f3 la Acci\u00f3n 2015-PT-0433-S).<\/p>\n<p>Su objetivo es <strong>fomentar el uso de veh\u00edculos el\u00e9ctricos entre estos dos pa\u00edses y Francia en un marco transfronterizo<\/strong> totalmente interoperable que permita a los due\u00f1os de veh\u00edculos el\u00e9ctricos el tr\u00e1nsito desde el Norte de Europa hacia la Pen\u00ednsula Ib\u00e9rica, reforzando as\u00ed el v\u00ednculo entre los ciudadanos del Norte y del Sur del Viejo Continente.<\/p>\n<p>Para ello, se llevar\u00e1 a cabo un estudio piloto para desplegar 58 puntos de recarga r\u00e1pidos multiest\u00e1ndard a lo largo de los <strong>corredores ib\u00e9ricos de la UE<\/strong> (Mediterr\u00e1neo y Atl\u00e1ntico), prestando especial atenci\u00f3n a las zonas transfronterizas entre Portugal, Espa\u00f1a y Francia (40 en Espa\u00f1a y 18 en Portugal).<\/p>\n<p>Dichos estudios permitir\u00e1n <strong>identificar soluciones a las actuales barreras t\u00e9cnicas, jur\u00eddicas y econ\u00f3micas<\/strong>, as\u00ed como dise\u00f1ar un modelo de negocio que consolide el desarrollo de combustibles alternativos en la Pen\u00ednsula Ib\u00e9rica.<\/p>\n<p><a id=\"socios\" name=\"socios\"><\/a><\/p>\n<\/div>\n<\/div>\n<\/div>\n<\/div>\n<\/div>\n<\/div>\n<\/div>\n<\/div>\n<\/div>\n<div id=\"cmsmasters_row_69e90626ed0f4\" class=\"cmsmasters_row cmsmasters_color_scheme_default cmsmasters_row_top_default cmsmasters_row_bot_default cmsmasters_row_boxed\">\n<div class=\"cmsmasters_row_outer_parent\">\n<div class=\"cmsmasters_row_outer\">\n<div class=\"cmsmasters_row_inner\">\n<div class=\"cmsmasters_row_margin\">\n<div class=\"cmsmasters_column one_first\">\n<div class=\"cmsmasters_text\">\n<p>&nbsp;<\/p>\n<\/div>\n<\/div>\n<\/div>\n<\/div>\n<\/div>\n<\/div>\n<\/div>\n<div id=\"cmsmasters_row_69e90626ed278\" class=\"cmsmasters_row cmsmasters_color_scheme_default cmsmasters_row_top_default cmsmasters_row_bot_default cmsmasters_row_boxed\">\n<div id=\"partners\" class=\"cmsmasters_row_outer_parent\">\n<div class=\"cmsmasters_row_outer\">\n<div class=\"cmsmasters_row_inner\">\n<div class=\"cmsmasters_row_margin\">\n<div class=\"cmsmasters_column one_first\">\n\n<div id=\"cmsmasters_heading_69e90626ed5a3\" class=\"cmsmasters_heading_wrap cmsmasters_heading_align_center\">\n\t<h3 class=\"cmsmasters_heading\">SOCIOS<\/h3>\n<\/div>\n<\/div>\n<\/div>\n<\/div>\n<\/div>\n<\/div>\n<\/div>\n<div id=\"cmsmasters_row_69e90626ed615\" class=\"cmsmasters_row cmsmasters_color_scheme_default cmsmasters_row_top_default cmsmasters_row_bot_default cmsmasters_row_boxed\">\n<div class=\"cmsmasters_row_outer_parent\">\n<div class=\"cmsmasters_row_outer\">\n<div class=\"cmsmasters_row_inner\">\n<div class=\"cmsmasters_row_margin\">\n<div class=\"cmsmasters_column one_fourth\">\n<div class=\"cmsmasters_text\">\n<p><img loading=\"lazy\" decoding=\"async\" class=\"aligncenter size-full wp-image-13445\" src=\"http:\/\/cirveproject.com\/wp-content\/uploads\/2021\/09\/Logo-AEDIVE.jpg\" alt=\"\" width=\"258\" height=\"70\" \/><\/p>\n<p style=\"text-align: center;\"><a href=\"http:\/\/aedive.es\/ \"><strong>aedive.es<\/strong><\/a><\/p>\n<\/div>\n<\/div>\n<div class=\"cmsmasters_column one_fourth\">\n<div class=\"cmsmasters_text\">\n<p><img loading=\"lazy\" decoding=\"async\" class=\"aligncenter size-full wp-image-12961\" src=\"http:\/\/cirveproject.com\/wp-content\/uploads\/2019\/01\/CEIIA.jpg\" alt=\"\" width=\"258\" height=\"70\" \/><\/p>\n<p style=\"text-align: center;\"><a href=\"https:\/\/www.ceiia.com\/ \"><strong>ceiia.com<\/strong><\/a><\/p>\n<\/div>\n<\/div>\n<div class=\"cmsmasters_column one_fourth\">\n<div class=\"cmsmasters_text\">\n<p><img loading=\"lazy\" decoding=\"async\" class=\"aligncenter size-full wp-image-13450\" src=\"http:\/\/cirveproject.com\/wp-content\/uploads\/2021\/09\/EDP.jpg\" alt=\"\" width=\"258\" height=\"70\" \/><\/p>\n<p style=\"text-align: center;\"><a href=\"http:\/\/www.edpenergia.es\/es\/\"><strong>edpenergia.es<\/strong><\/a><\/p>\n<\/div>\n<\/div>\n<div class=\"cmsmasters_column one_fourth\">\n<div class=\"cmsmasters_text\">\n<p><img loading=\"lazy\" decoding=\"async\" class=\"aligncenter size-full wp-image-13454\" src=\"http:\/\/cirveproject.com\/wp-content\/uploads\/2021\/09\/Endesa_X.jpg\" alt=\"\" width=\"258\" height=\"70\" \/><\/p>\n<p style=\"text-align: center;\"><a href=\"https:\/\/www.endesax.com\/es\"><strong>endesax.com<\/strong><\/a><\/p>\n<\/div>\n<\/div>\n<\/div>\n<\/div>\n<\/div>\n<\/div>\n<\/div>\n<div id=\"cmsmasters_row_69e90626ed8e8\" class=\"cmsmasters_row cmsmasters_color_scheme_default cmsmasters_row_top_default cmsmasters_row_bot_default cmsmasters_row_boxed\">\n<div class=\"cmsmasters_row_outer_parent\">\n<div class=\"cmsmasters_row_outer\">\n<div class=\"cmsmasters_row_inner\">\n<div class=\"cmsmasters_row_margin\">\n<div class=\"cmsmasters_column one_fourth\">\n<div class=\"cmsmasters_text\">\n<p><img loading=\"lazy\" decoding=\"async\" class=\"aligncenter size-full wp-image-12967\" src=\"http:\/\/cirveproject.com\/wp-content\/uploads\/2019\/01\/GIC-Logo-1.png\" alt=\"\" width=\"258\" height=\"70\" \/><\/p>\n<p style=\"text-align: center;\"><a href=\"http:\/\/www.recargagic.com\/ \"><strong>recargagic.com<\/strong><\/a><\/p>\n<\/div>\n<\/div>\n<div class=\"cmsmasters_column one_fourth\">\n<div class=\"cmsmasters_text\">\n<p><img loading=\"lazy\" decoding=\"async\" class=\"aligncenter size-full wp-image-12969\" src=\"http:\/\/cirveproject.com\/wp-content\/uploads\/2019\/01\/IBERDROLA.jpg\" alt=\"\" width=\"258\" height=\"70\" \/><\/p>\n<p style=\"text-align: center;\"><a href=\"https:\/\/www.iberdrola.es\/ \"><strong>iberdrola.es<\/strong><\/a><\/p>\n<\/div>\n<\/div>\n<div class=\"cmsmasters_column one_fourth\">\n<div class=\"cmsmasters_text\">\n<p><img loading=\"lazy\" decoding=\"async\" class=\"aligncenter size-full wp-image-13319\" src=\"http:\/\/cirveproject.com\/wp-content\/uploads\/2020\/03\/IBIL.jpg\" alt=\"\" width=\"258\" height=\"70\" \/><\/p>\n<p style=\"text-align: center;\"><a href=\"https:\/\/www.ibil.es\/index.php\/es\/\"><strong>ibil.es<\/strong><\/a><\/p>\n<\/div>\n<\/div>\n<div class=\"cmsmasters_column one_fourth\">\n<div class=\"cmsmasters_text\">\n<p style=\"text-align: center;\"><img loading=\"lazy\" decoding=\"async\" class=\"aligncenter size-full wp-image-13458\" src=\"http:\/\/cirveproject.com\/wp-content\/uploads\/2021\/09\/MobilizeRenault.jpg\" alt=\"\" width=\"258\" height=\"70\" \/><\/p>\n<p style=\"text-align: center;\"><a href=\"http:\/\/www.renault.es\/\"><strong>renault.es<\/strong><\/a><\/p>\n<\/div>\n<\/div>\n<\/div>\n<\/div>\n<\/div>\n<\/div>\n<\/div>\n<div id=\"cmsmasters_row_69e90626edb87\" class=\"cmsmasters_row cmsmasters_color_scheme_default cmsmasters_row_top_default cmsmasters_row_bot_default cmsmasters_row_boxed\">\n<div class=\"cmsmasters_row_outer_parent\">\n<div class=\"cmsmasters_row_outer\">\n<div class=\"cmsmasters_row_inner\">\n<div class=\"cmsmasters_row_margin\">\n<div class=\"cmsmasters_column one_first\">\n<div class=\"cmsmasters_text\">\n<p><a id=\"caracter\u00edsticas\" name=\"caracter\u00edsticas\"><\/a><\/p>\n<\/div>\n<\/div>\n<\/div>\n<\/div>\n<\/div>\n<\/div>\n<\/div>\n<div id=\"cmsmasters_row_69e90626edc36\" class=\"cmsmasters_row cmsmasters_color_scheme_default cmsmasters_row_top_default cmsmasters_row_bot_default cmsmasters_row_boxed\">\n<div class=\"cmsmasters_row_outer_parent\">\n<div class=\"cmsmasters_row_outer\">\n<div class=\"cmsmasters_row_inner\">\n<div class=\"cmsmasters_row_margin\">\n<div class=\"cmsmasters_column one_first\">\n<div class=\"cmsmasters_text\">\n<p><\/p>\n<\/div>\n<\/div>\n<\/div>\n<\/div>\n<\/div>\n<\/div>\n<\/div>\n<div id=\"cmsmasters_row_69e90626edcd1\" class=\"cmsmasters_row cmsmasters_color_scheme_default cmsmasters_row_top_default cmsmasters_row_bot_default cmsmasters_row_boxed\">\n<div id=\"characteristics\" class=\"cmsmasters_row_outer_parent\">\n<div class=\"cmsmasters_row_outer\">\n<div class=\"cmsmasters_row_inner\">\n<div class=\"cmsmasters_row_margin\">\n<div class=\"cmsmasters_column one_first\">\n\n<div id=\"cmsmasters_heading_69e90626ee056\" class=\"cmsmasters_heading_wrap cmsmasters_heading_align_center\">\n\t<h3 class=\"cmsmasters_heading\">CARACTER\u00cdSTICAS<\/h3>\n<\/div><div class=\"cmsmasters_tabs tabs_mode_tab\">\n<ul class=\"cmsmasters_tabs_list\">\n<li id=\"cmsmasters_tabs_list_item_69e90626ee2ed\" class=\"cmsmasters_tabs_list_item current_tab\">\n<a href=\"#\" class=\"cmsmasters-icon-doc-text-inv\">\n<span>HISTORIA<\/span>\n<\/a>\n<\/li><li id=\"cmsmasters_tabs_list_item_69e90626ee47e\" class=\"cmsmasters_tabs_list_item\">\n<a href=\"#\" class=\"cmsmasters-icon-clock\">\n<span>Calendario de implantaci\u00f3n <\/span>\n<\/a>\n<\/li><li id=\"cmsmasters_tabs_list_item_69e90626ee59e\" class=\"cmsmasters_tabs_list_item\">\n<a href=\"#\" class=\"cmsmasters-icon-money\">\n<span>Presupuesto<\/span>\n<\/a>\n<\/li><li id=\"cmsmasters_tabs_list_item_69e90626ee724\" class=\"cmsmasters_tabs_list_item\">\n<a href=\"#\" class=\"cmsmasters-icon-megaphone-1\">\n<span>Impacto<\/span>\n<\/a>\n<\/li><\/ul>\n<div class=\"cmsmasters_tabs_wrap\">\n<div id=\"cmsmasters_tab_69e90626ee2ed\" class=\"cmsmasters_tab active_tab\">\n<div class=\"cmsmasters_tab_inner\">\n<p>Conectar la Pen\u00ednsula Ib\u00e9rica con los otros pa\u00edses de la Uni\u00f3n Europea es la misi\u00f3n del Proyecto CIRVE, cuyas siglas significan \u201cCorredores Ib\u00e9ricos de Infraestructura de Recarga R\u00e1pida de Veh\u00edculos El\u00e9ctricos\u201d. As\u00ed, el proyecto contempla ubicar 25 nuevos puntos de recarga r\u00e1pida en Espa\u00f1a y adaptar otros 15 puntos que ya est\u00e1n en funcionamiento en determinadas localizaciones estrat\u00e9gicas de los corredores ib\u00e9ricos.<\/p>\n<p>El proyecto est\u00e1 consorciado por los gestores de carga<strong> IBIL<\/strong> (l\u00edder del proyecto),<strong> EDP, ENDESA, GIC<\/strong> e<strong> IBERDROLA<\/strong>, junto con la Asociaci\u00f3n <strong>AEDIVE<\/strong> y otros dos socios internacionales: <strong>RENAULT<\/strong> y el <strong>Centro para la Excelencia e Innovaci\u00f3n de Portugal, CEIIA<\/strong>. Adem\u00e1s, cuenta con el apoyo de los ministerios espa\u00f1oles de Fomento y de Econom\u00eda, Industria y Competitividad. El plan est\u00e1 cofinanciado a trav\u00e9s de la convocatoria de 2015 del<strong> Connecting Europe Facility (CEF)<\/strong>.<\/p>\n<p><strong>AEDIVE<\/strong> es la Asociaci\u00f3n Empresarial para el Desarrollo e Impulso del Veh\u00edculo El\u00e9ctrico, una Agrupaci\u00f3n de Empresas Innovadoras que aglutina a toda la cadena de valor del veh\u00edculo el\u00e9ctrico cuyos fines son la gesti\u00f3n, representaci\u00f3n, defensa y coordinaci\u00f3n de los intereses comunes de sus miembros, y es la encargada dentro del proyecto CIRVE de la Actividad 9, dedicada a las actividades de Comunicaci\u00f3n y diseminaci\u00f3n del proyecto.<\/p>\n<\/div>\n<\/div><div id=\"cmsmasters_tab_69e90626ee47e\" class=\"cmsmasters_tab\">\n<div class=\"cmsmasters_tab_inner\">\n<p>Julio de 2016 \u2013 Diciembre de 2020<\/p>\n<\/div>\n<\/div><div id=\"cmsmasters_tab_69e90626ee59e\" class=\"cmsmasters_tab\">\n<div class=\"cmsmasters_tab_inner\">\n<p><strong>Coste estimado de la acci\u00f3n:<\/strong>\u00a0\u00a0\u00a0\u00a0\u00a0\u00a0\u00a0\u00a0\u00a0\u00a0\u00a0\u00a0\u00a0\u00a0\u00a0\u00a0\u00a0\u00a0\u00a0\u00a0 \u00a0\u00a0\u00a0\u00a0\u00a0\u00a0\u00a0\u00a0\u00a0\u00a0\u00a0\u00a0\u00a0\u00a0\u00a0 \u20ac3,523,232<\/p>\n<p><strong>Contribuci\u00f3n m\u00e1xima de la UE:<\/strong> \u00a0\u00a0\u00a0\u00a0\u00a0\u00a0\u00a0\u00a0\u00a0\u00a0\u00a0\u00a0\u00a0\u00a0\u00a0\u00a0\u00a0\u00a0\u00a0\u00a0\u00a0\u00a0\u00a0\u00a0\u00a0\u00a0\u00a0\u00a0\u00a0\u00a0 \u20ac1,761,616<\/p>\n<p><strong>Porcentaje del apoyo de la UE:<\/strong> \u00a0\u00a0\u00a0\u00a0\u00a0\u00a0\u00a0\u00a0\u00a0\u00a0\u00a0\u00a0\u00a0\u00a0\u00a0\u00a0\u00a0\u00a0\u00a0\u00a0\u00a0\u00a0\u00a0\u00a0\u00a0\u00a0\u00a0\u00a0\u00a0\u00a0 50%<\/p>\n<\/div>\n<\/div><div id=\"cmsmasters_tab_69e90626ee724\" class=\"cmsmasters_tab\">\n<div class=\"cmsmasters_tab_inner\">\n<p>Vea a continuaci\u00f3n los hitos del Proyecto CIRVE que se llevar\u00e1n a cabo a lo largo de estos tres a\u00f1os.<\/p>\n<\/div>\n<\/div><\/div>\n<\/div>\n<\/div>\n<\/div>\n<\/div>\n<\/div>\n<\/div>\n<\/div>\n\n","protected":false},"excerpt":{"rendered":"","protected":false},"author":1,"featured_media":0,"parent":0,"menu_order":0,"comment_status":"closed","ping_status":"closed","template":"","meta":{"footnotes":""},"yoast_head":"<!-- This site is optimized with the Yoast SEO plugin v22.1 - https:\/\/yoast.com\/wordpress\/plugins\/seo\/ -->\n<title>Sobre CIRVE - CIRVE Project<\/title>\n<meta name=\"robots\" content=\"index, follow, max-snippet:-1, max-image-preview:large, max-video-preview:-1\" \/>\n<link rel=\"canonical\" href=\"https:\/\/cirveproject.com\/es\/sobre-cirve\/\" \/>\n<meta property=\"og:locale\" content=\"es_ES\" \/>\n<meta property=\"og:type\" content=\"article\" \/>\n<meta property=\"og:title\" content=\"Sobre CIRVE - CIRVE Project\" \/>\n<meta property=\"og:url\" content=\"https:\/\/cirveproject.com\/es\/sobre-cirve\/\" \/>\n<meta property=\"og:site_name\" content=\"CIRVE Project\" \/>\n<meta property=\"article:modified_time\" content=\"2021-09-16T15:33:34+00:00\" \/>\n<meta property=\"og:image\" content=\"http:\/\/cirveproject.com\/wp-content\/uploads\/2021\/09\/Logo-AEDIVE.jpg\" \/>\n<meta name=\"twitter:card\" content=\"summary_large_image\" \/>\n<meta name=\"twitter:site\" content=\"@CIRVEproject\" \/>\n<meta name=\"twitter:label1\" content=\"Tiempo de lectura\" \/>\n\t<meta name=\"twitter:data1\" content=\"5 minutos\" \/>\n<script type=\"application\/ld+json\" class=\"yoast-schema-graph\">{\"@context\":\"https:\/\/schema.org\",\"@graph\":[{\"@type\":\"WebPage\",\"@id\":\"https:\/\/cirveproject.com\/es\/sobre-cirve\/\",\"url\":\"https:\/\/cirveproject.com\/es\/sobre-cirve\/\",\"name\":\"Sobre CIRVE - CIRVE Project\",\"isPartOf\":{\"@id\":\"https:\/\/cirveproject.com\/#website\"},\"datePublished\":\"2017-06-07T10:55:22+00:00\",\"dateModified\":\"2021-09-16T15:33:34+00:00\",\"breadcrumb\":{\"@id\":\"https:\/\/cirveproject.com\/es\/sobre-cirve\/#breadcrumb\"},\"inLanguage\":\"es\",\"potentialAction\":[{\"@type\":\"ReadAction\",\"target\":[\"https:\/\/cirveproject.com\/es\/sobre-cirve\/\"]}]},{\"@type\":\"BreadcrumbList\",\"@id\":\"https:\/\/cirveproject.com\/es\/sobre-cirve\/#breadcrumb\",\"itemListElement\":[{\"@type\":\"ListItem\",\"position\":1,\"name\":\"Portada\",\"item\":\"https:\/\/cirveproject.com\/es\/\"},{\"@type\":\"ListItem\",\"position\":2,\"name\":\"Sobre CIRVE\"}]},{\"@type\":\"WebSite\",\"@id\":\"https:\/\/cirveproject.com\/#website\",\"url\":\"https:\/\/cirveproject.com\/\",\"name\":\"CIRVE Project\",\"description\":\"Connecting the Iberian Peninsula with the other countries of the European Union is the mission of the CIRVE Project, whose acronym stands for \u201cIberian Corridors of Rapid Recharging Infrastructure for Electric Vehicles\u201d.\",\"publisher\":{\"@id\":\"https:\/\/cirveproject.com\/#organization\"},\"potentialAction\":[{\"@type\":\"SearchAction\",\"target\":{\"@type\":\"EntryPoint\",\"urlTemplate\":\"https:\/\/cirveproject.com\/?s={search_term_string}\"},\"query-input\":\"required name=search_term_string\"}],\"inLanguage\":\"es\"},{\"@type\":\"Organization\",\"@id\":\"https:\/\/cirveproject.com\/#organization\",\"name\":\"CIRVE Project\",\"url\":\"https:\/\/cirveproject.com\/\",\"logo\":{\"@type\":\"ImageObject\",\"inLanguage\":\"es\",\"@id\":\"https:\/\/cirveproject.com\/#\/schema\/logo\/image\/\",\"url\":\"http:\/\/cirveproject.com\/wp-content\/uploads\/2017\/07\/CIRVE_original_WEB.png\",\"contentUrl\":\"http:\/\/cirveproject.com\/wp-content\/uploads\/2017\/07\/CIRVE_original_WEB.png\",\"width\":190,\"height\":65,\"caption\":\"CIRVE Project\"},\"image\":{\"@id\":\"https:\/\/cirveproject.com\/#\/schema\/logo\/image\/\"},\"sameAs\":[\"https:\/\/twitter.com\/CIRVEproject\"]}]}<\/script>\n<!-- \/ Yoast SEO plugin. -->","yoast_head_json":{"title":"Sobre CIRVE - CIRVE Project","robots":{"index":"index","follow":"follow","max-snippet":"max-snippet:-1","max-image-preview":"max-image-preview:large","max-video-preview":"max-video-preview:-1"},"canonical":"https:\/\/cirveproject.com\/es\/sobre-cirve\/","og_locale":"es_ES","og_type":"article","og_title":"Sobre CIRVE - CIRVE Project","og_url":"https:\/\/cirveproject.com\/es\/sobre-cirve\/","og_site_name":"CIRVE Project","article_modified_time":"2021-09-16T15:33:34+00:00","og_image":[{"url":"http:\/\/cirveproject.com\/wp-content\/uploads\/2021\/09\/Logo-AEDIVE.jpg"}],"twitter_card":"summary_large_image","twitter_site":"@CIRVEproject","twitter_misc":{"Tiempo de lectura":"5 minutos"},"schema":{"@context":"https:\/\/schema.org","@graph":[{"@type":"WebPage","@id":"https:\/\/cirveproject.com\/es\/sobre-cirve\/","url":"https:\/\/cirveproject.com\/es\/sobre-cirve\/","name":"Sobre CIRVE - CIRVE Project","isPartOf":{"@id":"https:\/\/cirveproject.com\/#website"},"datePublished":"2017-06-07T10:55:22+00:00","dateModified":"2021-09-16T15:33:34+00:00","breadcrumb":{"@id":"https:\/\/cirveproject.com\/es\/sobre-cirve\/#breadcrumb"},"inLanguage":"es","potentialAction":[{"@type":"ReadAction","target":["https:\/\/cirveproject.com\/es\/sobre-cirve\/"]}]},{"@type":"BreadcrumbList","@id":"https:\/\/cirveproject.com\/es\/sobre-cirve\/#breadcrumb","itemListElement":[{"@type":"ListItem","position":1,"name":"Portada","item":"https:\/\/cirveproject.com\/es\/"},{"@type":"ListItem","position":2,"name":"Sobre CIRVE"}]},{"@type":"WebSite","@id":"https:\/\/cirveproject.com\/#website","url":"https:\/\/cirveproject.com\/","name":"CIRVE Project","description":"Connecting the Iberian Peninsula with the other countries of the European Union is the mission of the CIRVE Project, whose acronym stands for \u201cIberian Corridors of Rapid Recharging Infrastructure for Electric Vehicles\u201d.","publisher":{"@id":"https:\/\/cirveproject.com\/#organization"},"potentialAction":[{"@type":"SearchAction","target":{"@type":"EntryPoint","urlTemplate":"https:\/\/cirveproject.com\/?s={search_term_string}"},"query-input":"required name=search_term_string"}],"inLanguage":"es"},{"@type":"Organization","@id":"https:\/\/cirveproject.com\/#organization","name":"CIRVE Project","url":"https:\/\/cirveproject.com\/","logo":{"@type":"ImageObject","inLanguage":"es","@id":"https:\/\/cirveproject.com\/#\/schema\/logo\/image\/","url":"http:\/\/cirveproject.com\/wp-content\/uploads\/2017\/07\/CIRVE_original_WEB.png","contentUrl":"http:\/\/cirveproject.com\/wp-content\/uploads\/2017\/07\/CIRVE_original_WEB.png","width":190,"height":65,"caption":"CIRVE Project"},"image":{"@id":"https:\/\/cirveproject.com\/#\/schema\/logo\/image\/"},"sameAs":["https:\/\/twitter.com\/CIRVEproject"]}]}},"_links":{"self":[{"href":"https:\/\/cirveproject.com\/es\/wp-json\/wp\/v2\/pages\/12461"}],"collection":[{"href":"https:\/\/cirveproject.com\/es\/wp-json\/wp\/v2\/pages"}],"about":[{"href":"https:\/\/cirveproject.com\/es\/wp-json\/wp\/v2\/types\/page"}],"author":[{"embeddable":true,"href":"https:\/\/cirveproject.com\/es\/wp-json\/wp\/v2\/users\/1"}],"replies":[{"embeddable":true,"href":"https:\/\/cirveproject.com\/es\/wp-json\/wp\/v2\/comments?post=12461"}],"version-history":[{"count":25,"href":"https:\/\/cirveproject.com\/es\/wp-json\/wp\/v2\/pages\/12461\/revisions"}],"predecessor-version":[{"id":13470,"href":"https:\/\/cirveproject.com\/es\/wp-json\/wp\/v2\/pages\/12461\/revisions\/13470"}],"wp:attachment":[{"href":"https:\/\/cirveproject.com\/es\/wp-json\/wp\/v2\/media?parent=12461"}],"curies":[{"name":"wp","href":"https:\/\/api.w.org\/{rel}","templated":true}]}}