{"id":12485,"date":"2017-06-12T10:38:38","date_gmt":"2017-06-12T10:38:38","guid":{"rendered":"https:\/\/chargingyourev.eu\/faq\/"},"modified":"2020-02-25T12:50:27","modified_gmt":"2020-02-25T12:50:27","slug":"preguntas-frecuentes","status":"publish","type":"page","link":"https:\/\/cirveproject.com\/es\/preguntas-frecuentes\/","title":{"rendered":"PREGUNTAS FRECUENTES"},"content":{"rendered":"<style type=\"text\/css\"> \n#cmsmasters_row_69e91f3ca323b .cmsmasters_row_outer_parent { \n\tpadding-top: 0px; \n} \n\n#cmsmasters_row_69e91f3ca323b .cmsmasters_row_outer_parent { \n\tpadding-bottom: 50px; \n} \n\n<\/style><div id=\"cmsmasters_row_69e91f3ca323b\" class=\"cmsmasters_row cmsmasters_color_scheme_default cmsmasters_row_top_default cmsmasters_row_bot_default cmsmasters_row_boxed\">\n<div class=\"cmsmasters_row_outer_parent\">\n<div class=\"cmsmasters_row_outer\">\n<div class=\"cmsmasters_row_inner\">\n<div class=\"cmsmasters_row_margin\">\n<div class=\"cmsmasters_column one_first\">\n<div class=\"cmsmasters_toggles toggles_mode_accordion\">\n<div class=\"cmsmasters_toggle_wrap\" data-tags=\"all \">\n<div class=\"cmsmasters_toggle_title\">\n<span class=\"cmsmasters_toggle_plus cmsmasters-icon-angle-down\">\n<\/span>\n<a href=\"#\">\u00bfQu\u00e9 es la recarga r\u00e1pida y cu\u00e1nto dura?<\/a>\n<\/div>\n<div class=\"cmsmasters_toggle\">\n<div class=\"cmsmasters_toggle_inner\">\n<p>La carga r\u00e1pida emplea una mayor intensidad el\u00e9ctrica y, adem\u00e1s, entrega la energ\u00eda en corriente continua, obteni\u00e9ndose una potencia de salida del orden de 50kW. Esta soluci\u00f3n es la que, desde el punto de vista del cliente, se asemeja a sus h\u00e1bitos actuales de repostaje con un veh\u00edculo de combusti\u00f3n.<\/p>\n<p>Las exigencias a nivel el\u00e9ctrico son mayores que en la recarga convencional. Lo que puede implicar la necesidad de adecuaci\u00f3n de la red el\u00e9ctrica existente. Por poner una referencia, la potencia requerida para este tipo de instalaciones es comparable a la de un edificio de 15 viviendas.<\/p>\n<p>La recarga r\u00e1pida supone que en 30 minutos se puede cargar el 80% de la bater\u00eda.<\/p>\n<\/div>\n<\/div>\n<\/div><div class=\"cmsmasters_toggle_wrap\" data-tags=\"all \">\n<div class=\"cmsmasters_toggle_title\">\n<span class=\"cmsmasters_toggle_plus cmsmasters-icon-angle-down\">\n<\/span>\n<a href=\"#\">\u00bfQu\u00e9 diferencia hay entre la recarga r\u00e1pida y la convencional?<\/a>\n<\/div>\n<div class=\"cmsmasters_toggle\">\n<div class=\"cmsmasters_toggle_inner\">\n<p>La carga convencional se realiza en corriente alterna monof\u00e1sica, a una potencia m\u00e1xima de entre 3,7 kW y 7,2kW. Mientras que la carga r\u00e1pida utiliza corriente continua, a una potencia m\u00e1xima de 50 kW.<\/p>\n<\/div>\n<\/div>\n<\/div><div class=\"cmsmasters_toggle_wrap\" data-tags=\"all \">\n<div class=\"cmsmasters_toggle_title\">\n<span class=\"cmsmasters_toggle_plus cmsmasters-icon-angle-down\">\n<\/span>\n<a href=\"#\">\u00bfPuedo recargar mi veh\u00edculo el\u00e9ctrico en carretera? \u00bfD\u00f3nde?<\/a>\n<\/div>\n<div class=\"cmsmasters_toggle\">\n<div class=\"cmsmasters_toggle_inner\">\n<p>En la actualidad se est\u00e1 trabajando activamente para aumentar el n\u00famero de puntos de recarga en las carreteras. El proyecto CIRVE tiene como objetivo implantar 40 nuevos puntos de recarga.<\/p>\n<p>Para conocer los puntos de recarga r\u00e1pida en v\u00eda p\u00fablica puede consultar esta p\u00e1gina: <a href=\"http:\/\/www.electromaps.com\/puntos-de-recarga\/mapade?\" target=\"_blank\" rel=\"noopener\">http:\/\/www.electromaps.com\/puntos-de-recarga\/mapade?<\/a><\/p>\n<\/div>\n<\/div>\n<\/div><div class=\"cmsmasters_toggle_wrap\" data-tags=\"all \">\n<div class=\"cmsmasters_toggle_title\">\n<span class=\"cmsmasters_toggle_plus cmsmasters-icon-angle-down\">\n<\/span>\n<a href=\"#\">\u00bfPor qu\u00e9 no hay m\u00e1s puntos de recarga r\u00e1pida en las carreteras europeas?<\/a>\n<\/div>\n<div class=\"cmsmasters_toggle\">\n<div class=\"cmsmasters_toggle_inner\">\n<p>La consultora Monitor Doloitte en su Informe \u201cUn modelo de transporte descarbonizado para Espa\u00f1a en 2050\u201d estima que se necesitan entre 6.000 y 11.000 millones de euros de inversi\u00f3n hasta 2030 (lo que supone de media unos 650 millones al a\u00f1o) en incentivos para hacer m\u00e1s atractivos los veh\u00edculos limpios, y en crear una red de recarga. Por este motivo, la UE est\u00e1 \u00a0avanzando en abrir el mercado de las infraestructuras de recarga.<\/p>\n<\/div>\n<\/div>\n<\/div><div class=\"cmsmasters_toggle_wrap\" data-tags=\"all \">\n<div class=\"cmsmasters_toggle_title\">\n<span class=\"cmsmasters_toggle_plus cmsmasters-icon-angle-down\">\n<\/span>\n<a href=\"#\">\u00bfQu\u00e9 medidas est\u00e1 tomando la UE para que el VE sea interurbano?<\/a>\n<\/div>\n<div class=\"cmsmasters_toggle\">\n<div class=\"cmsmasters_toggle_inner\">\n<p>El Programa Conecting Europe Facility (CEF) es un es un instrumento clave de financiaci\u00f3n de la UE para promover el crecimiento, el empleo y la competitividad a trav\u00e9s de una inversi\u00f3n de infraestructura espec\u00edfica a nivel europeo. Soporta el desarrollo de redes transeuropeas de alto rendimiento, sostenibles e interconectadas de manera eficiente en el \u00e1mbito del transporte, la energ\u00eda y las telecomunicaciones.<\/p>\n<\/div>\n<\/div>\n<\/div><\/div>\n<\/div>\n<\/div>\n<\/div>\n<\/div>\n<\/div>\n<\/div>\n\n","protected":false},"excerpt":{"rendered":"","protected":false},"author":1,"featured_media":0,"parent":0,"menu_order":0,"comment_status":"closed","ping_status":"closed","template":"","meta":{"footnotes":""},"yoast_head":"<!-- This site is optimized with the Yoast SEO plugin v22.1 - https:\/\/yoast.com\/wordpress\/plugins\/seo\/ -->\n<title>PREGUNTAS FRECUENTES - CIRVE Project<\/title>\n<meta name=\"robots\" content=\"index, follow, max-snippet:-1, max-image-preview:large, max-video-preview:-1\" \/>\n<link rel=\"canonical\" href=\"https:\/\/cirveproject.com\/es\/preguntas-frecuentes\/\" \/>\n<meta property=\"og:locale\" content=\"es_ES\" \/>\n<meta property=\"og:type\" content=\"article\" \/>\n<meta property=\"og:title\" content=\"PREGUNTAS FRECUENTES - CIRVE Project\" \/>\n<meta property=\"og:url\" content=\"https:\/\/cirveproject.com\/es\/preguntas-frecuentes\/\" \/>\n<meta property=\"og:site_name\" content=\"CIRVE Project\" \/>\n<meta property=\"article:modified_time\" content=\"2020-02-25T12:50:27+00:00\" \/>\n<meta name=\"twitter:card\" content=\"summary_large_image\" \/>\n<meta name=\"twitter:site\" content=\"@CIRVEproject\" \/>\n<meta name=\"twitter:label1\" content=\"Tiempo de lectura\" \/>\n\t<meta name=\"twitter:data1\" content=\"3 minutos\" \/>\n<script type=\"application\/ld+json\" class=\"yoast-schema-graph\">{\"@context\":\"https:\/\/schema.org\",\"@graph\":[{\"@type\":\"WebPage\",\"@id\":\"https:\/\/cirveproject.com\/es\/preguntas-frecuentes\/\",\"url\":\"https:\/\/cirveproject.com\/es\/preguntas-frecuentes\/\",\"name\":\"PREGUNTAS FRECUENTES - CIRVE Project\",\"isPartOf\":{\"@id\":\"https:\/\/cirveproject.com\/#website\"},\"datePublished\":\"2017-06-12T10:38:38+00:00\",\"dateModified\":\"2020-02-25T12:50:27+00:00\",\"breadcrumb\":{\"@id\":\"https:\/\/cirveproject.com\/es\/preguntas-frecuentes\/#breadcrumb\"},\"inLanguage\":\"es\",\"potentialAction\":[{\"@type\":\"ReadAction\",\"target\":[\"https:\/\/cirveproject.com\/es\/preguntas-frecuentes\/\"]}]},{\"@type\":\"BreadcrumbList\",\"@id\":\"https:\/\/cirveproject.com\/es\/preguntas-frecuentes\/#breadcrumb\",\"itemListElement\":[{\"@type\":\"ListItem\",\"position\":1,\"name\":\"Portada\",\"item\":\"https:\/\/cirveproject.com\/es\/\"},{\"@type\":\"ListItem\",\"position\":2,\"name\":\"PREGUNTAS FRECUENTES\"}]},{\"@type\":\"WebSite\",\"@id\":\"https:\/\/cirveproject.com\/#website\",\"url\":\"https:\/\/cirveproject.com\/\",\"name\":\"CIRVE Project\",\"description\":\"Connecting the Iberian Peninsula with the other countries of the European Union is the mission of the CIRVE Project, whose acronym stands for \u201cIberian Corridors of Rapid Recharging Infrastructure for Electric Vehicles\u201d.\",\"publisher\":{\"@id\":\"https:\/\/cirveproject.com\/#organization\"},\"potentialAction\":[{\"@type\":\"SearchAction\",\"target\":{\"@type\":\"EntryPoint\",\"urlTemplate\":\"https:\/\/cirveproject.com\/?s={search_term_string}\"},\"query-input\":\"required name=search_term_string\"}],\"inLanguage\":\"es\"},{\"@type\":\"Organization\",\"@id\":\"https:\/\/cirveproject.com\/#organization\",\"name\":\"CIRVE Project\",\"url\":\"https:\/\/cirveproject.com\/\",\"logo\":{\"@type\":\"ImageObject\",\"inLanguage\":\"es\",\"@id\":\"https:\/\/cirveproject.com\/#\/schema\/logo\/image\/\",\"url\":\"http:\/\/cirveproject.com\/wp-content\/uploads\/2017\/07\/CIRVE_original_WEB.png\",\"contentUrl\":\"http:\/\/cirveproject.com\/wp-content\/uploads\/2017\/07\/CIRVE_original_WEB.png\",\"width\":190,\"height\":65,\"caption\":\"CIRVE Project\"},\"image\":{\"@id\":\"https:\/\/cirveproject.com\/#\/schema\/logo\/image\/\"},\"sameAs\":[\"https:\/\/twitter.com\/CIRVEproject\"]}]}<\/script>\n<!-- \/ Yoast SEO plugin. -->","yoast_head_json":{"title":"PREGUNTAS FRECUENTES - CIRVE Project","robots":{"index":"index","follow":"follow","max-snippet":"max-snippet:-1","max-image-preview":"max-image-preview:large","max-video-preview":"max-video-preview:-1"},"canonical":"https:\/\/cirveproject.com\/es\/preguntas-frecuentes\/","og_locale":"es_ES","og_type":"article","og_title":"PREGUNTAS FRECUENTES - CIRVE Project","og_url":"https:\/\/cirveproject.com\/es\/preguntas-frecuentes\/","og_site_name":"CIRVE Project","article_modified_time":"2020-02-25T12:50:27+00:00","twitter_card":"summary_large_image","twitter_site":"@CIRVEproject","twitter_misc":{"Tiempo de lectura":"3 minutos"},"schema":{"@context":"https:\/\/schema.org","@graph":[{"@type":"WebPage","@id":"https:\/\/cirveproject.com\/es\/preguntas-frecuentes\/","url":"https:\/\/cirveproject.com\/es\/preguntas-frecuentes\/","name":"PREGUNTAS FRECUENTES - CIRVE Project","isPartOf":{"@id":"https:\/\/cirveproject.com\/#website"},"datePublished":"2017-06-12T10:38:38+00:00","dateModified":"2020-02-25T12:50:27+00:00","breadcrumb":{"@id":"https:\/\/cirveproject.com\/es\/preguntas-frecuentes\/#breadcrumb"},"inLanguage":"es","potentialAction":[{"@type":"ReadAction","target":["https:\/\/cirveproject.com\/es\/preguntas-frecuentes\/"]}]},{"@type":"BreadcrumbList","@id":"https:\/\/cirveproject.com\/es\/preguntas-frecuentes\/#breadcrumb","itemListElement":[{"@type":"ListItem","position":1,"name":"Portada","item":"https:\/\/cirveproject.com\/es\/"},{"@type":"ListItem","position":2,"name":"PREGUNTAS FRECUENTES"}]},{"@type":"WebSite","@id":"https:\/\/cirveproject.com\/#website","url":"https:\/\/cirveproject.com\/","name":"CIRVE Project","description":"Connecting the Iberian Peninsula with the other countries of the European Union is the mission of the CIRVE Project, whose acronym stands for \u201cIberian Corridors of Rapid Recharging Infrastructure for Electric Vehicles\u201d.","publisher":{"@id":"https:\/\/cirveproject.com\/#organization"},"potentialAction":[{"@type":"SearchAction","target":{"@type":"EntryPoint","urlTemplate":"https:\/\/cirveproject.com\/?s={search_term_string}"},"query-input":"required name=search_term_string"}],"inLanguage":"es"},{"@type":"Organization","@id":"https:\/\/cirveproject.com\/#organization","name":"CIRVE Project","url":"https:\/\/cirveproject.com\/","logo":{"@type":"ImageObject","inLanguage":"es","@id":"https:\/\/cirveproject.com\/#\/schema\/logo\/image\/","url":"http:\/\/cirveproject.com\/wp-content\/uploads\/2017\/07\/CIRVE_original_WEB.png","contentUrl":"http:\/\/cirveproject.com\/wp-content\/uploads\/2017\/07\/CIRVE_original_WEB.png","width":190,"height":65,"caption":"CIRVE Project"},"image":{"@id":"https:\/\/cirveproject.com\/#\/schema\/logo\/image\/"},"sameAs":["https:\/\/twitter.com\/CIRVEproject"]}]}},"_links":{"self":[{"href":"https:\/\/cirveproject.com\/es\/wp-json\/wp\/v2\/pages\/12485"}],"collection":[{"href":"https:\/\/cirveproject.com\/es\/wp-json\/wp\/v2\/pages"}],"about":[{"href":"https:\/\/cirveproject.com\/es\/wp-json\/wp\/v2\/types\/page"}],"author":[{"embeddable":true,"href":"https:\/\/cirveproject.com\/es\/wp-json\/wp\/v2\/users\/1"}],"replies":[{"embeddable":true,"href":"https:\/\/cirveproject.com\/es\/wp-json\/wp\/v2\/comments?post=12485"}],"version-history":[{"count":7,"href":"https:\/\/cirveproject.com\/es\/wp-json\/wp\/v2\/pages\/12485\/revisions"}],"predecessor-version":[{"id":13294,"href":"https:\/\/cirveproject.com\/es\/wp-json\/wp\/v2\/pages\/12485\/revisions\/13294"}],"wp:attachment":[{"href":"https:\/\/cirveproject.com\/es\/wp-json\/wp\/v2\/media?parent=12485"}],"curies":[{"name":"wp","href":"https:\/\/api.w.org\/{rel}","templated":true}]}}