{"id":13016,"date":"2017-06-07T10:55:22","date_gmt":"2017-06-07T10:55:22","guid":{"rendered":"http:\/\/cirveproject.com\/about-cirve\/"},"modified":"2021-09-16T15:32:09","modified_gmt":"2021-09-16T15:32:09","slug":"a-propos-de-cirve","status":"publish","type":"page","link":"https:\/\/cirveproject.com\/fr\/a-propos-de-cirve\/","title":{"rendered":"\u00c0 propos de CIRVE"},"content":{"rendered":"<style type=\"text\/css\"> \n#cmsmasters_row_69e91aec899bb { \n\tbackground-color:#ffffff;\n} \n\n#cmsmasters_row_69e91aec899bb .cmsmasters_row_outer_parent { \n\tpadding-top: 0px; \n} \n\n#cmsmasters_row_69e91aec899bb .cmsmasters_row_outer_parent { \n\tpadding-bottom: 0px; \n} \n\n#cmsmasters_row_69e91aec899bb .cmsmasters_row_inner.cmsmasters_row_fullwidth { \n\tpadding-left:0%; \n} \n#cmsmasters_row_69e91aec899bb .cmsmasters_row_inner.cmsmasters_row_fullwidth { \n\tpadding-right:0%; \n} \n \n\n#cmsmasters_fb_69e91aec89ced { \n\tpadding-top:0px; \n\tpadding-bottom:0px; \n} \n\n#cmsmasters_fb_69e91aec89ced .featured_block_inner { \n\twidth: 100%; \n\tpadding: ; \n\ttext-align: left; \n\tmargin:0 auto; \n} \n\n#cmsmasters_fb_69e91aec89ced .featured_block_text { \n\ttext-align: left; \n} \n\n \n\n#cmsmasters_fb_69e91aec8a05f { \n\tpadding-top:0px; \n\tpadding-bottom:0px; \n\tbackground-color:#ffffff;\n} \n\n#cmsmasters_fb_69e91aec8a05f .featured_block_inner { \n\twidth: 90%; \n\tpadding: 12% 13% 0% 0%; \n\ttext-align: left; \n\tmargin:0 auto; \n} \n\n#cmsmasters_fb_69e91aec8a05f .featured_block_text { \n\ttext-align: left; \n} \n\n \n#cmsmasters_row_69e91aec8a31b { \n\tbackground-color:#ffffff;\n} \n\n#cmsmasters_row_69e91aec8a31b .cmsmasters_row_outer_parent { \n\tpadding-top: 0px; \n} \n\n#cmsmasters_row_69e91aec8a31b .cmsmasters_row_outer_parent { \n\tpadding-bottom: 50px; \n} \n\n \n#cmsmasters_heading_69e91aec8a691 { \n\ttext-align:center; \n\tmargin-top:60px; \n\tmargin-bottom:20px; \n} \n\n#cmsmasters_heading_69e91aec8a691 .cmsmasters_heading { \n\ttext-align:center; \n} \n\n#cmsmasters_heading_69e91aec8a691 .cmsmasters_heading, #cmsmasters_heading_69e91aec8a691 .cmsmasters_heading a { \n\tfont-size:45px; \n\tfont-weight:normal; \n\tfont-style:normal; \n\tcolor:#53d572;\n} \n\n#cmsmasters_heading_69e91aec8a691 .cmsmasters_heading_divider { \n} \n\n \n#cmsmasters_row_69e91aec8a72c .cmsmasters_row_outer_parent { \n\tpadding-top: 0px; \n} \n\n#cmsmasters_row_69e91aec8a72c .cmsmasters_row_outer_parent { \n\tpadding-bottom: 50px; \n} \n\n \n#cmsmasters_row_69e91aec8aa77 .cmsmasters_row_outer_parent { \n\tpadding-top: 0px; \n} \n\n#cmsmasters_row_69e91aec8aa77 .cmsmasters_row_outer_parent { \n\tpadding-bottom: 50px; \n} \n\n \n#cmsmasters_row_69e91aec8aee1 { \n\tbackground-color:#f9f9f9;\n} \n\n#cmsmasters_row_69e91aec8aee1 .cmsmasters_row_outer_parent { \n\tpadding-top: 90px; \n} \n\n#cmsmasters_row_69e91aec8aee1 .cmsmasters_row_outer_parent { \n\tpadding-bottom: 100px; \n} \n\n \n#cmsmasters_heading_69e91aec8b3aa { \n\ttext-align:center; \n\tmargin-top:0px; \n\tmargin-bottom:40px; \n} \n\n#cmsmasters_heading_69e91aec8b3aa .cmsmasters_heading { \n\ttext-align:center; \n} \n\n#cmsmasters_heading_69e91aec8b3aa .cmsmasters_heading, #cmsmasters_heading_69e91aec8b3aa .cmsmasters_heading a { \n\tfont-size:45px; \n\tfont-weight:normal; \n\tfont-style:normal; \n\tcolor:#53d572;\n} \n\n#cmsmasters_heading_69e91aec8b3aa .cmsmasters_heading_divider { \n} \n\n<\/style><div id=\"cmsmasters_row_69e91aec899bb\" class=\"cmsmasters_row cmsmasters_color_scheme_default cmsmasters_row_top_default cmsmasters_row_bot_default cmsmasters_row_fullwidth\">\n<div id=\"projet\" class=\"cmsmasters_row_outer_parent\">\n<div class=\"cmsmasters_row_outer\">\n<div class=\"cmsmasters_row_inner cmsmasters_row_fullwidth\">\n<div class=\"cmsmasters_row_margin\">\n<div class=\"cmsmasters_column one_half\">\n<div id=\"cmsmasters_fb_69e91aec89ced\" class=\"cmsmasters_featured_block\">\n<div class=\"featured_block_inner\">\n<div class=\"featured_block_text\">\n<iframe loading=\"lazy\" src=\"https:\/\/www.google.com\/maps\/d\/embed?mid=1TvBfu41DowwGIcqFpFgmK4PxT1p_oBk6\" width=\"100%\" height=\"480\"><\/iframe>\n<\/div>\n<\/div>\n<\/div>\n<\/div>\n<div class=\"cmsmasters_column one_half\">\n<div id=\"cmsmasters_fb_69e91aec8a05f\" class=\"cmsmasters_featured_block\">\n<div class=\"featured_block_inner\">\n<div class=\"featured_block_text\">\n<h3><strong><span style=\"color: #46c965;\">LE PROJET<\/span><\/strong><\/h3>\n<p>L\u2019action a lieu dans les Corridors Atlantique et M\u00e9diterran\u00e9en de l\u2019Espagne et du Portugal (bien qu\u2019il existe une Action \u201cjumelle\u201d de 2015-PT-0433-S dont le nom est Cirve_PT).<\/p>\n<p>Son but est de <strong>promouvoir l\u2019utilisation des v\u00e9hicules \u00e9lectriques entre ces deux pays et la France dans un cadre transfrontalier<\/strong> tout \u00e0 fait interop\u00e9rable qui permettra les propri\u00e9taires de v\u00e9hicules \u00e9lectriques de circuler du Nord de l\u2019Europe vers la P\u00e9ninsule Ib\u00e9rique, renfor\u00e7ant ainsi le lien entre les citoyens du Nord et du Sud du Vieux Continent.<\/p>\n<p>Pour cela, une \u00e9tude pilote sera men\u00e9e sur 58 points de recharge rapide multistandard tout au long des <strong>corridors ib\u00e9riques de l\u2019UE<\/strong> (M\u00e9diterran\u00e9en et Atlantique), tout en pr\u00eatant une attention particuli\u00e8re aux zones transfrontali\u00e8res entre le Portugal, l\u2019Espagne et la France (40 en Espagne et 18 au Portugal).<\/p>\n<p>Ces \u00e9tudes permettront d\u2019<strong>identifier des solutions aux barri\u00e8res techniques, juridiques et \u00e9conomiques actuelles<\/strong>, ainsi que de concevoir un mod\u00e8le commercial pour consolider le d\u00e9veloppement des carburants de substitution dans la P\u00e9ninsule Ib\u00e9rique.<\/p>\n<p>&nbsp;<\/p>\n<\/div>\n<\/div>\n<\/div>\n<\/div>\n<\/div>\n<\/div>\n<\/div>\n<\/div>\n<\/div>\n<div id=\"cmsmasters_row_69e91aec8a0fc\" class=\"cmsmasters_row cmsmasters_color_scheme_default cmsmasters_row_top_default cmsmasters_row_bot_default cmsmasters_row_boxed\">\n<div class=\"cmsmasters_row_outer_parent\">\n<div class=\"cmsmasters_row_outer\">\n<div class=\"cmsmasters_row_inner\">\n<div class=\"cmsmasters_row_margin\">\n<div class=\"cmsmasters_column one_first\">\n<div class=\"cmsmasters_text\">\n<p><a id=\"partenaires\" name=\"partenaires\"><\/a><\/p>\n<\/div>\n<\/div>\n<\/div>\n<\/div>\n<\/div>\n<\/div>\n<\/div>\n<div id=\"cmsmasters_row_69e91aec8a31b\" class=\"cmsmasters_row cmsmasters_color_scheme_default cmsmasters_row_top_default cmsmasters_row_bot_default cmsmasters_row_boxed\">\n<div id=\"partners\" class=\"cmsmasters_row_outer_parent\">\n<div class=\"cmsmasters_row_outer\">\n<div class=\"cmsmasters_row_inner\">\n<div class=\"cmsmasters_row_margin\">\n<div class=\"cmsmasters_column one_first\">\n\n<div id=\"cmsmasters_heading_69e91aec8a691\" class=\"cmsmasters_heading_wrap cmsmasters_heading_align_center\">\n\t<h3 class=\"cmsmasters_heading\">PARTENAIRES<\/h3>\n<\/div>\n<\/div>\n<\/div>\n<\/div>\n<\/div>\n<\/div>\n<\/div>\n<div id=\"cmsmasters_row_69e91aec8a72c\" class=\"cmsmasters_row cmsmasters_color_scheme_default cmsmasters_row_top_default cmsmasters_row_bot_default cmsmasters_row_boxed\">\n<div class=\"cmsmasters_row_outer_parent\">\n<div class=\"cmsmasters_row_outer\">\n<div class=\"cmsmasters_row_inner\">\n<div class=\"cmsmasters_row_margin\">\n<div class=\"cmsmasters_column one_fourth\">\n<div class=\"cmsmasters_text\">\n<p><img loading=\"lazy\" decoding=\"async\" class=\"aligncenter size-full wp-image-13447\" src=\"http:\/\/cirveproject.com\/wp-content\/uploads\/2021\/09\/Logo-AEDIVE.jpg\" alt=\"\" width=\"258\" height=\"70\" \/><\/p>\n<p style=\"text-align: center;\"><a href=\"http:\/\/aedive.es\/ \"><strong>aedive.es<\/strong><\/a><\/p>\n<\/div>\n<\/div>\n<div class=\"cmsmasters_column one_fourth\">\n<div class=\"cmsmasters_text\">\n<p><img loading=\"lazy\" decoding=\"async\" class=\"aligncenter size-full wp-image-12962\" src=\"http:\/\/cirveproject.com\/wp-content\/uploads\/2019\/01\/CEIIA.jpg\" alt=\"\" width=\"258\" height=\"70\" \/><\/p>\n<p style=\"text-align: center;\"><a href=\"https:\/\/www.ceiia.com\/ \"><strong>ceiia.com<\/strong><\/a><\/p>\n<\/div>\n<\/div>\n<div class=\"cmsmasters_column one_fourth\">\n<div class=\"cmsmasters_text\">\n<p><img loading=\"lazy\" decoding=\"async\" class=\"aligncenter size-full wp-image-13452\" src=\"http:\/\/cirveproject.com\/wp-content\/uploads\/2021\/09\/EDP.jpg\" alt=\"\" width=\"258\" height=\"70\" \/><\/p>\n<p style=\"text-align: center;\"><a href=\"http:\/\/www.edpenergia.es\/es\/\"><strong>edpenergia.es<\/strong><\/a><\/p>\n<\/div>\n<\/div>\n<div class=\"cmsmasters_column one_fourth\">\n<div class=\"cmsmasters_text\">\n<p><img loading=\"lazy\" decoding=\"async\" class=\"aligncenter size-full wp-image-13456\" src=\"http:\/\/cirveproject.com\/wp-content\/uploads\/2021\/09\/Endesa_X.jpg\" alt=\"\" width=\"258\" height=\"70\" \/><\/p>\n<p style=\"text-align: center;\"><a href=\"https:\/\/www.endesax.com\/es\"><strong>endesax.com<\/strong><\/a><\/p>\n<\/div>\n<\/div>\n<\/div>\n<\/div>\n<\/div>\n<\/div>\n<\/div>\n<div id=\"cmsmasters_row_69e91aec8aa77\" class=\"cmsmasters_row cmsmasters_color_scheme_default cmsmasters_row_top_default cmsmasters_row_bot_default cmsmasters_row_boxed\">\n<div class=\"cmsmasters_row_outer_parent\">\n<div class=\"cmsmasters_row_outer\">\n<div class=\"cmsmasters_row_inner\">\n<div class=\"cmsmasters_row_margin\">\n<div class=\"cmsmasters_column one_fourth\">\n<div class=\"cmsmasters_text\">\n<p><img loading=\"lazy\" decoding=\"async\" class=\"aligncenter size-full wp-image-12968\" src=\"http:\/\/cirveproject.com\/wp-content\/uploads\/2019\/01\/GIC-Logo-1.png\" alt=\"\" width=\"258\" height=\"70\" \/><\/p>\n<p style=\"text-align: center;\"><a href=\"http:\/\/www.recargagic.com\/ \"><strong>recargagic.com<\/strong><\/a><\/p>\n<\/div>\n<\/div>\n<div class=\"cmsmasters_column one_fourth\">\n<div class=\"cmsmasters_text\">\n<p><img loading=\"lazy\" decoding=\"async\" class=\"aligncenter size-full wp-image-12970\" src=\"http:\/\/cirveproject.com\/wp-content\/uploads\/2019\/01\/IBERDROLA.jpg\" alt=\"\" width=\"258\" height=\"70\" \/><\/p>\n<p style=\"text-align: center;\"><a href=\"https:\/\/www.iberdrola.es\/ \"><strong>iberdrola.es<\/strong><\/a><\/p>\n<\/div>\n<\/div>\n<div class=\"cmsmasters_column one_fourth\">\n<div class=\"cmsmasters_text\">\n<p><img loading=\"lazy\" decoding=\"async\" class=\"aligncenter size-full wp-image-13317\" src=\"http:\/\/cirveproject.com\/wp-content\/uploads\/2020\/03\/IBIL.jpg\" alt=\"\" width=\"258\" height=\"70\" \/><\/p>\n<p style=\"text-align: center;\"><a href=\"https:\/\/www.ibil.es\/index.php\/es\/\"><strong>ibil.es<\/strong><\/a><\/p>\n<\/div>\n<\/div>\n<div class=\"cmsmasters_column one_fourth\">\n<div class=\"cmsmasters_text\">\n<p style=\"text-align: center;\"><img loading=\"lazy\" decoding=\"async\" class=\"aligncenter size-full wp-image-13460\" src=\"http:\/\/cirveproject.com\/wp-content\/uploads\/2021\/09\/MobilizeRenault.jpg\" alt=\"\" width=\"258\" height=\"70\" \/><\/p>\n<p style=\"text-align: center;\"><a href=\"http:\/\/www.renault.es\/\"><strong>renault.es<\/strong><\/a><\/p>\n<\/div>\n<\/div>\n<\/div>\n<\/div>\n<\/div>\n<\/div>\n<\/div>\n<div id=\"cmsmasters_row_69e91aec8ad96\" class=\"cmsmasters_row cmsmasters_color_scheme_default cmsmasters_row_top_default cmsmasters_row_bot_default cmsmasters_row_boxed\">\n<div class=\"cmsmasters_row_outer_parent\">\n<div class=\"cmsmasters_row_outer\">\n<div class=\"cmsmasters_row_inner\">\n<div class=\"cmsmasters_row_margin\">\n<div class=\"cmsmasters_column one_first\">\n<\/div>\n<\/div>\n<\/div>\n<\/div>\n<\/div>\n<\/div>\n<div id=\"cmsmasters_row_69e91aec8aee1\" class=\"cmsmasters_row cmsmasters_color_scheme_default cmsmasters_row_top_default cmsmasters_row_bot_default cmsmasters_row_boxed\">\n<div id=\"facts\" class=\"cmsmasters_row_outer_parent\">\n<div class=\"cmsmasters_row_outer\">\n<div class=\"cmsmasters_row_inner\">\n<div class=\"cmsmasters_row_margin\">\n<div class=\"cmsmasters_column one_first\">\n\n<div id=\"cmsmasters_heading_69e91aec8b3aa\" class=\"cmsmasters_heading_wrap cmsmasters_heading_align_center\">\n\t<h3 class=\"cmsmasters_heading\">CARACT\u00c9RISTIQUES<\/h3>\n<\/div><div class=\"cmsmasters_tabs tabs_mode_tab\">\n<ul class=\"cmsmasters_tabs_list\">\n<li id=\"cmsmasters_tabs_list_item_69e91aec8bac5\" class=\"cmsmasters_tabs_list_item current_tab\">\n<a href=\"#\" class=\"cmsmasters-icon-doc-text-inv\">\n<span>Histoire<\/span>\n<\/a>\n<\/li><li id=\"cmsmasters_tabs_list_item_69e91aec8bd26\" class=\"cmsmasters_tabs_list_item\">\n<a href=\"#\" class=\"cmsmasters-icon-clock\">\n<span>Calendier de mise en place<\/span>\n<\/a>\n<\/li><li id=\"cmsmasters_tabs_list_item_69e91aec8beca\" class=\"cmsmasters_tabs_list_item\">\n<a href=\"#\" class=\"cmsmasters-icon-money\">\n<span>Budget<\/span>\n<\/a>\n<\/li><li id=\"cmsmasters_tabs_list_item_69e91aec8c02a\" class=\"cmsmasters_tabs_list_item\">\n<a href=\"#\" class=\"cmsmasters-icon-megaphone-1\">\n<span>Impact<\/span>\n<\/a>\n<\/li><\/ul>\n<div class=\"cmsmasters_tabs_wrap\">\n<div id=\"cmsmasters_tab_69e91aec8bac5\" class=\"cmsmasters_tab active_tab\">\n<div class=\"cmsmasters_tab_inner\">\n<p>La mission du Projet CIRVE (acronyme pour Corridors Ib\u00e9riques d\u2019infrastructures de Recharge Rapide de V\u00e9hicules \u00c9lectriques) est de connecter la P\u00e9ninsule Ib\u00e9rique aux autres pays de l\u2019Union Europ\u00e9enne.<\/p>\n<p>Le projet est men\u00e9 par un consortium des gestionnaires de recharge <strong>IBIL <\/strong>(responsable du projet), <strong>EDP, ENDESA, GIC<\/strong> et <strong>IBERDROLA<\/strong>, avec l\u2019association <strong>AEDIVE <\/strong>et d\u2019autres partenaires internationaux: <strong>RENAULT<\/strong> et le <strong>Centre pour l&rsquo;excellence et l&rsquo;innovation du Portugal, CEIIA<\/strong>. Aussi compte-t-il avec le support des minist\u00e8res espagnols des transports et de l\u2019\u00e9conomie, l\u2019industrie et la comp\u00e9titivit\u00e9. Le plan est cofinanc\u00e9 au moyen de la convocation 2015 de <strong>Connecting Europe Facility (CEF).<\/strong><\/p>\n<p><strong>AEDIVE<\/strong> est l\u2019association d\u2019entreprises pour le D\u00e9veloppement du V\u00e9hicule \u00c9lectrique, un groupement de soci\u00e9t\u00e9s innovantes qui rassemble toute la chaine de valeur du v\u00e9hicule \u00e9lectrique et dont les buts consistent \u00e0 la gestion, la repr\u00e9sentation, la d\u00e9fense et la coordination des int\u00e9r\u00eats communs \u00e0 ses membres\u00a0; elle est responsable de l\u2019activit\u00e9 9 du projet CIRVE concernant les activit\u00e9s de communication et diffusion du projet.<\/p>\n<\/div>\n<\/div><div id=\"cmsmasters_tab_69e91aec8bd26\" class=\"cmsmasters_tab\">\n<div class=\"cmsmasters_tab_inner\">\n<p>Juillet 2016 \u2013 D\u00e9cembre 2020<\/p>\n<\/div>\n<\/div><div id=\"cmsmasters_tab_69e91aec8beca\" class=\"cmsmasters_tab\">\n<div class=\"cmsmasters_tab_inner\">\n<p><strong>Estimation des co\u00fbts de l&rsquo;action envisag\u00e9e: \u00a0\u00a0\u00a0<\/strong>\u00a0\u00a0\u00a0\u00a0\u00a0\u00a0\u00a0\u00a0\u00a0\u00a0\u00a0\u00a0\u00a0\u00a0\u00a0\u00a0\u00a0\u00a0\u00a0 3,523,232 \u20ac<\/p>\n<p><strong>Contribution maximale de l\u2019UE:<\/strong> \u00a0\u00a0\u00a0\u00a0\u00a0 \u00a0\u00a0\u00a0\u00a0\u00a0\u00a0\u00a0\u00a0\u00a0\u00a0\u00a0\u00a0\u00a0\u00a0\u00a0\u00a0\u00a0\u00a0\u00a0\u00a0\u00a0\u00a0\u00a0\u00a0\u00a0\u00a0 \u00a0\u00a0 \u00a0\u00a0\u00a0\u00a0 1,761,616 \u20ac<\/p>\n<p><strong>Proportion du soutien de l\u2019UE:<\/strong>\u00a0\u00a0\u00a0\u00a0\u00a0\u00a0\u00a0\u00a0\u00a0\u00a0\u00a0\u00a0\u00a0\u00a0\u00a0\u00a0\u00a0\u00a0\u00a0\u00a0\u00a0\u00a0\u00a0\u00a0\u00a0\u00a0\u00a0\u00a0\u00a0\u00a0\u00a0\u00a0\u00a0\u00a0\u00a0 \u00a0\u00a0 \u00a0 \u00a0 \u00a0 50%<\/p>\n<\/div>\n<\/div><div id=\"cmsmasters_tab_69e91aec8c02a\" class=\"cmsmasters_tab\">\n<div class=\"cmsmasters_tab_inner\">\n<p>Vous trouverez ci-dessous les \u00e9tapes du Projet CIRVE pour les trois prochaines ann\u00e9es.<\/p>\n<\/div>\n<\/div><\/div>\n<\/div>\n<\/div>\n<\/div>\n<\/div>\n<\/div>\n<\/div>\n<\/div>\n\n","protected":false},"excerpt":{"rendered":"","protected":false},"author":1,"featured_media":0,"parent":0,"menu_order":0,"comment_status":"closed","ping_status":"closed","template":"","meta":{"footnotes":""},"yoast_head":"<!-- This site is optimized with the Yoast SEO plugin v22.1 - https:\/\/yoast.com\/wordpress\/plugins\/seo\/ -->\n<title>\u00c0 propos de CIRVE - CIRVE Project<\/title>\n<meta name=\"robots\" content=\"index, follow, max-snippet:-1, max-image-preview:large, max-video-preview:-1\" \/>\n<link rel=\"canonical\" href=\"https:\/\/cirveproject.com\/fr\/a-propos-de-cirve\/\" \/>\n<meta property=\"og:locale\" content=\"fr_FR\" \/>\n<meta property=\"og:type\" content=\"article\" \/>\n<meta property=\"og:title\" content=\"\u00c0 propos de CIRVE - CIRVE Project\" \/>\n<meta property=\"og:url\" content=\"https:\/\/cirveproject.com\/fr\/a-propos-de-cirve\/\" \/>\n<meta property=\"og:site_name\" content=\"CIRVE Project\" \/>\n<meta property=\"article:modified_time\" content=\"2021-09-16T15:32:09+00:00\" \/>\n<meta property=\"og:image\" content=\"http:\/\/cirveproject.com\/wp-content\/uploads\/2021\/09\/Logo-AEDIVE.jpg\" \/>\n<meta name=\"twitter:card\" content=\"summary_large_image\" \/>\n<meta name=\"twitter:site\" content=\"@CIRVEproject\" \/>\n<meta name=\"twitter:label1\" content=\"Dur\u00e9e de lecture estim\u00e9e\" \/>\n\t<meta name=\"twitter:data1\" content=\"5 minutes\" \/>\n<script type=\"application\/ld+json\" class=\"yoast-schema-graph\">{\"@context\":\"https:\/\/schema.org\",\"@graph\":[{\"@type\":\"WebPage\",\"@id\":\"https:\/\/cirveproject.com\/fr\/a-propos-de-cirve\/\",\"url\":\"https:\/\/cirveproject.com\/fr\/a-propos-de-cirve\/\",\"name\":\"\u00c0 propos de CIRVE - CIRVE Project\",\"isPartOf\":{\"@id\":\"https:\/\/cirveproject.com\/#website\"},\"datePublished\":\"2017-06-07T10:55:22+00:00\",\"dateModified\":\"2021-09-16T15:32:09+00:00\",\"breadcrumb\":{\"@id\":\"https:\/\/cirveproject.com\/fr\/a-propos-de-cirve\/#breadcrumb\"},\"inLanguage\":\"fr-FR\",\"potentialAction\":[{\"@type\":\"ReadAction\",\"target\":[\"https:\/\/cirveproject.com\/fr\/a-propos-de-cirve\/\"]}]},{\"@type\":\"BreadcrumbList\",\"@id\":\"https:\/\/cirveproject.com\/fr\/a-propos-de-cirve\/#breadcrumb\",\"itemListElement\":[{\"@type\":\"ListItem\",\"position\":1,\"name\":\"Portada\",\"item\":\"https:\/\/cirveproject.com\/fr\/\"},{\"@type\":\"ListItem\",\"position\":2,\"name\":\"\u00c0 propos de CIRVE\"}]},{\"@type\":\"WebSite\",\"@id\":\"https:\/\/cirveproject.com\/#website\",\"url\":\"https:\/\/cirveproject.com\/\",\"name\":\"CIRVE Project\",\"description\":\"Connecting the Iberian Peninsula with the other countries of the European Union is the mission of the CIRVE Project, whose acronym stands for \u201cIberian Corridors of Rapid Recharging Infrastructure for Electric Vehicles\u201d.\",\"publisher\":{\"@id\":\"https:\/\/cirveproject.com\/#organization\"},\"potentialAction\":[{\"@type\":\"SearchAction\",\"target\":{\"@type\":\"EntryPoint\",\"urlTemplate\":\"https:\/\/cirveproject.com\/?s={search_term_string}\"},\"query-input\":\"required name=search_term_string\"}],\"inLanguage\":\"fr-FR\"},{\"@type\":\"Organization\",\"@id\":\"https:\/\/cirveproject.com\/#organization\",\"name\":\"CIRVE Project\",\"url\":\"https:\/\/cirveproject.com\/\",\"logo\":{\"@type\":\"ImageObject\",\"inLanguage\":\"fr-FR\",\"@id\":\"https:\/\/cirveproject.com\/#\/schema\/logo\/image\/\",\"url\":\"http:\/\/cirveproject.com\/wp-content\/uploads\/2017\/07\/CIRVE_original_WEB.png\",\"contentUrl\":\"http:\/\/cirveproject.com\/wp-content\/uploads\/2017\/07\/CIRVE_original_WEB.png\",\"width\":190,\"height\":65,\"caption\":\"CIRVE Project\"},\"image\":{\"@id\":\"https:\/\/cirveproject.com\/#\/schema\/logo\/image\/\"},\"sameAs\":[\"https:\/\/twitter.com\/CIRVEproject\"]}]}<\/script>\n<!-- \/ Yoast SEO plugin. -->","yoast_head_json":{"title":"\u00c0 propos de CIRVE - CIRVE Project","robots":{"index":"index","follow":"follow","max-snippet":"max-snippet:-1","max-image-preview":"max-image-preview:large","max-video-preview":"max-video-preview:-1"},"canonical":"https:\/\/cirveproject.com\/fr\/a-propos-de-cirve\/","og_locale":"fr_FR","og_type":"article","og_title":"\u00c0 propos de CIRVE - CIRVE Project","og_url":"https:\/\/cirveproject.com\/fr\/a-propos-de-cirve\/","og_site_name":"CIRVE Project","article_modified_time":"2021-09-16T15:32:09+00:00","og_image":[{"url":"http:\/\/cirveproject.com\/wp-content\/uploads\/2021\/09\/Logo-AEDIVE.jpg"}],"twitter_card":"summary_large_image","twitter_site":"@CIRVEproject","twitter_misc":{"Dur\u00e9e de lecture estim\u00e9e":"5 minutes"},"schema":{"@context":"https:\/\/schema.org","@graph":[{"@type":"WebPage","@id":"https:\/\/cirveproject.com\/fr\/a-propos-de-cirve\/","url":"https:\/\/cirveproject.com\/fr\/a-propos-de-cirve\/","name":"\u00c0 propos de CIRVE - CIRVE Project","isPartOf":{"@id":"https:\/\/cirveproject.com\/#website"},"datePublished":"2017-06-07T10:55:22+00:00","dateModified":"2021-09-16T15:32:09+00:00","breadcrumb":{"@id":"https:\/\/cirveproject.com\/fr\/a-propos-de-cirve\/#breadcrumb"},"inLanguage":"fr-FR","potentialAction":[{"@type":"ReadAction","target":["https:\/\/cirveproject.com\/fr\/a-propos-de-cirve\/"]}]},{"@type":"BreadcrumbList","@id":"https:\/\/cirveproject.com\/fr\/a-propos-de-cirve\/#breadcrumb","itemListElement":[{"@type":"ListItem","position":1,"name":"Portada","item":"https:\/\/cirveproject.com\/fr\/"},{"@type":"ListItem","position":2,"name":"\u00c0 propos de CIRVE"}]},{"@type":"WebSite","@id":"https:\/\/cirveproject.com\/#website","url":"https:\/\/cirveproject.com\/","name":"CIRVE Project","description":"Connecting the Iberian Peninsula with the other countries of the European Union is the mission of the CIRVE Project, whose acronym stands for \u201cIberian Corridors of Rapid Recharging Infrastructure for Electric Vehicles\u201d.","publisher":{"@id":"https:\/\/cirveproject.com\/#organization"},"potentialAction":[{"@type":"SearchAction","target":{"@type":"EntryPoint","urlTemplate":"https:\/\/cirveproject.com\/?s={search_term_string}"},"query-input":"required name=search_term_string"}],"inLanguage":"fr-FR"},{"@type":"Organization","@id":"https:\/\/cirveproject.com\/#organization","name":"CIRVE Project","url":"https:\/\/cirveproject.com\/","logo":{"@type":"ImageObject","inLanguage":"fr-FR","@id":"https:\/\/cirveproject.com\/#\/schema\/logo\/image\/","url":"http:\/\/cirveproject.com\/wp-content\/uploads\/2017\/07\/CIRVE_original_WEB.png","contentUrl":"http:\/\/cirveproject.com\/wp-content\/uploads\/2017\/07\/CIRVE_original_WEB.png","width":190,"height":65,"caption":"CIRVE Project"},"image":{"@id":"https:\/\/cirveproject.com\/#\/schema\/logo\/image\/"},"sameAs":["https:\/\/twitter.com\/CIRVEproject"]}]}},"_links":{"self":[{"href":"https:\/\/cirveproject.com\/fr\/wp-json\/wp\/v2\/pages\/13016"}],"collection":[{"href":"https:\/\/cirveproject.com\/fr\/wp-json\/wp\/v2\/pages"}],"about":[{"href":"https:\/\/cirveproject.com\/fr\/wp-json\/wp\/v2\/types\/page"}],"author":[{"embeddable":true,"href":"https:\/\/cirveproject.com\/fr\/wp-json\/wp\/v2\/users\/1"}],"replies":[{"embeddable":true,"href":"https:\/\/cirveproject.com\/fr\/wp-json\/wp\/v2\/comments?post=13016"}],"version-history":[{"count":15,"href":"https:\/\/cirveproject.com\/fr\/wp-json\/wp\/v2\/pages\/13016\/revisions"}],"predecessor-version":[{"id":13468,"href":"https:\/\/cirveproject.com\/fr\/wp-json\/wp\/v2\/pages\/13016\/revisions\/13468"}],"wp:attachment":[{"href":"https:\/\/cirveproject.com\/fr\/wp-json\/wp\/v2\/media?parent=13016"}],"curies":[{"name":"wp","href":"https:\/\/api.w.org\/{rel}","templated":true}]}}