{"id":13142,"date":"2017-06-12T10:38:38","date_gmt":"2017-06-12T10:38:38","guid":{"rendered":"http:\/\/cirveproject.com\/preguntas-frecuentes\/"},"modified":"2020-02-25T09:40:12","modified_gmt":"2020-02-25T09:40:12","slug":"questions-frequentes","status":"publish","type":"page","link":"https:\/\/cirveproject.com\/fr\/questions-frequentes\/","title":{"rendered":"QUESTIONS FR\u00c9QUENTES"},"content":{"rendered":"<style type=\"text\/css\"> \n#cmsmasters_row_6a042ba437b7c .cmsmasters_row_outer_parent { \n\tpadding-top: 0px; \n} \n\n#cmsmasters_row_6a042ba437b7c .cmsmasters_row_outer_parent { \n\tpadding-bottom: 50px; \n} \n\n<\/style><div id=\"cmsmasters_row_6a042ba437b7c\" class=\"cmsmasters_row cmsmasters_color_scheme_default cmsmasters_row_top_default cmsmasters_row_bot_default cmsmasters_row_boxed\">\n<div class=\"cmsmasters_row_outer_parent\">\n<div class=\"cmsmasters_row_outer\">\n<div class=\"cmsmasters_row_inner\">\n<div class=\"cmsmasters_row_margin\">\n<div class=\"cmsmasters_column one_first\">\n<div class=\"cmsmasters_toggles toggles_mode_accordion\">\n<div class=\"cmsmasters_toggle_wrap\" data-tags=\"all \">\n<div class=\"cmsmasters_toggle_title\">\n<span class=\"cmsmasters_toggle_plus cmsmasters-icon-angle-down\">\n<\/span>\n<a href=\"#\">Qu\u2019est-ce que la recharge rapide et combien prend-elle de temps?<\/a>\n<\/div>\n<div class=\"cmsmasters_toggle\">\n<div class=\"cmsmasters_toggle_inner\">\n<p>La recharge rapide emploie une intensit\u00e9 \u00e9lectrique plus \u00e9lev\u00e9e et d\u00e9livre l\u2019\u00e9nergie en courant continu, ce que produit une puissance de sortie de l\u2019ordre de 50 kW. Du point de vue du client, c\u2019est la solution la plus proche de ses habitudes actuelles en ce qui concerne le ravitaillement d\u2019un v\u00e9hicule \u00e0 moteur de combustion.<\/p>\n<p>Les exigences \u00e0 niveau \u00e9lectrique son sup\u00e9rieures \u00e0 celles de la recharge conventionnelle. Il pourrait de ce fait s\u2019av\u00e9rer n\u00e9cessaire d\u2019adapter le r\u00e9seau \u00e9lectrique existant. \u00c0 titre de r\u00e9f\u00e9rence, la puissance n\u00e9cessaire dans ce type d\u2019installations est comparable \u00e0 celle d\u2019un b\u00e2timent de 15 logements.<\/p>\n<p>La recharge rapide implique que l\u2019on peut recharger 80% de la batterie en 30 minutes.<\/p>\n<\/div>\n<\/div>\n<\/div><div class=\"cmsmasters_toggle_wrap\" data-tags=\"all \">\n<div class=\"cmsmasters_toggle_title\">\n<span class=\"cmsmasters_toggle_plus cmsmasters-icon-angle-down\">\n<\/span>\n<a href=\"#\">Quelle est la diff\u00e9rence entre la recharge rapide et la recharge conventionnelle?<\/a>\n<\/div>\n<div class=\"cmsmasters_toggle\">\n<div class=\"cmsmasters_toggle_inner\">\n<p>La recharge conventionnelle se produit en courant alternatif monophas\u00e9, \u00e0 une puissance maximale entre 3,7 kW et 7,2 kW tandis que la recharge rapide utilise un courant continu \u00e0 une puissance maximale de 50 kW.<\/p>\n<\/div>\n<\/div>\n<\/div><div class=\"cmsmasters_toggle_wrap\" data-tags=\"all \">\n<div class=\"cmsmasters_toggle_title\">\n<span class=\"cmsmasters_toggle_plus cmsmasters-icon-angle-down\">\n<\/span>\n<a href=\"#\">Est-ce que je peux recharger mon v\u00e9hicule \u00e9lectrique en route? O\u00f9 puis-je le faire?<\/a>\n<\/div>\n<div class=\"cmsmasters_toggle\">\n<div class=\"cmsmasters_toggle_inner\">\n<p>On travaille activement \u00e0 pr\u00e9sent pour augmenter le nombre de points de recharge sur les routes. Le but du projet CIRVE est d\u2019installer 40 nouveaux points de recharge.<\/p>\n<p>Veuillez consulter la page ci-dessous pour d\u00e9couvrir les points de recharge rapide sur les voies publiques: <a href=\"http:\/\/www.electromaps.com\/puntos-de-recarga\/mapade?\" target=\"_blank\" rel=\"noopener\">http:\/\/www.electromaps.com\/puntos-de-recarga\/mapade?<\/a><\/p>\n<\/div>\n<\/div>\n<\/div><div class=\"cmsmasters_toggle_wrap\" data-tags=\"all \">\n<div class=\"cmsmasters_toggle_title\">\n<span class=\"cmsmasters_toggle_plus cmsmasters-icon-angle-down\">\n<\/span>\n<a href=\"#\">Pourquoi n\u2019existe-t-il pas davantage de points de recharge rapide sur les routes europ\u00e9ennes?<\/a>\n<\/div>\n<div class=\"cmsmasters_toggle\">\n<div class=\"cmsmasters_toggle_inner\">\n<p>Dans son rapport \u201cUn mod\u00e8le de transport d\u00e9carbonis\u00e9 pour l&rsquo;Espagne en 2050\u201d, le cabinet-conseil Monitor Deloitte estime l&rsquo;investissement n\u00e9cessaire en mesures d&rsquo;incitation pour les v\u00e9hicules propres et la cr\u00e9ation d&rsquo;un r\u00e9seau de recharge entre 6 000 et 11 000 millions d&rsquo;euros jusqu&rsquo;en 2030 (ce qui implique 650 millions par an en moyenne). C\u2019est la raison pour laquelle l\u2019UE travaille dans l\u2019ouverture d\u2019un march\u00e9 des infrastructures de recharge.<\/p>\n<\/div>\n<\/div>\n<\/div><div class=\"cmsmasters_toggle_wrap\" data-tags=\"all \">\n<div class=\"cmsmasters_toggle_title\">\n<span class=\"cmsmasters_toggle_plus cmsmasters-icon-angle-down\">\n<\/span>\n<a href=\"#\">Quelles mesures l\u2019UE est-elle en train d\u2019adopter pour un VE interurbain?<\/a>\n<\/div>\n<div class=\"cmsmasters_toggle\">\n<div class=\"cmsmasters_toggle_inner\">\n<p>Le Programme Connecting Europe Facility (CEF) est un instrument de financement cl\u00e9 de l\u2019UE pour promouvoir la croissance \u00e9conomique, la comp\u00e9titivit\u00e9 et l&#8217;emploi au moyen d\u2019un investissement dans une infrastructure sp\u00e9cifique au niveau europ\u00e9en. Il soutient le d\u00e9veloppement des r\u00e9seaux transeurop\u00e9ens tr\u00e8s performants, durables et interconnect\u00e9s de fa\u00e7on efficace dans les domaines du transport, de l\u2019\u00e9nergie et des t\u00e9l\u00e9communications.<\/p>\n<\/div>\n<\/div>\n<\/div><\/div>\n<\/div>\n<\/div>\n<\/div>\n<\/div>\n<\/div>\n<\/div>\n\n","protected":false},"excerpt":{"rendered":"","protected":false},"author":1,"featured_media":0,"parent":0,"menu_order":0,"comment_status":"closed","ping_status":"closed","template":"","meta":{"footnotes":""},"yoast_head":"<!-- This site is optimized with the Yoast SEO plugin v22.1 - https:\/\/yoast.com\/wordpress\/plugins\/seo\/ -->\n<title>QUESTIONS FR\u00c9QUENTES - CIRVE Project<\/title>\n<meta name=\"robots\" content=\"index, follow, max-snippet:-1, max-image-preview:large, max-video-preview:-1\" \/>\n<link rel=\"canonical\" href=\"https:\/\/cirveproject.com\/fr\/questions-frequentes\/\" \/>\n<meta property=\"og:locale\" content=\"fr_FR\" \/>\n<meta property=\"og:type\" content=\"article\" \/>\n<meta property=\"og:title\" content=\"QUESTIONS FR\u00c9QUENTES - CIRVE Project\" \/>\n<meta property=\"og:url\" content=\"https:\/\/cirveproject.com\/fr\/questions-frequentes\/\" \/>\n<meta property=\"og:site_name\" content=\"CIRVE Project\" \/>\n<meta property=\"article:modified_time\" content=\"2020-02-25T09:40:12+00:00\" \/>\n<meta name=\"twitter:card\" content=\"summary_large_image\" \/>\n<meta name=\"twitter:site\" content=\"@CIRVEproject\" \/>\n<meta name=\"twitter:label1\" content=\"Dur\u00e9e de lecture estim\u00e9e\" \/>\n\t<meta name=\"twitter:data1\" content=\"3 minutes\" \/>\n<script type=\"application\/ld+json\" class=\"yoast-schema-graph\">{\"@context\":\"https:\/\/schema.org\",\"@graph\":[{\"@type\":\"WebPage\",\"@id\":\"https:\/\/cirveproject.com\/fr\/questions-frequentes\/\",\"url\":\"https:\/\/cirveproject.com\/fr\/questions-frequentes\/\",\"name\":\"QUESTIONS FR\u00c9QUENTES - CIRVE Project\",\"isPartOf\":{\"@id\":\"https:\/\/cirveproject.com\/#website\"},\"datePublished\":\"2017-06-12T10:38:38+00:00\",\"dateModified\":\"2020-02-25T09:40:12+00:00\",\"breadcrumb\":{\"@id\":\"https:\/\/cirveproject.com\/fr\/questions-frequentes\/#breadcrumb\"},\"inLanguage\":\"fr-FR\",\"potentialAction\":[{\"@type\":\"ReadAction\",\"target\":[\"https:\/\/cirveproject.com\/fr\/questions-frequentes\/\"]}]},{\"@type\":\"BreadcrumbList\",\"@id\":\"https:\/\/cirveproject.com\/fr\/questions-frequentes\/#breadcrumb\",\"itemListElement\":[{\"@type\":\"ListItem\",\"position\":1,\"name\":\"Portada\",\"item\":\"https:\/\/cirveproject.com\/fr\/\"},{\"@type\":\"ListItem\",\"position\":2,\"name\":\"QUESTIONS FR\u00c9QUENTES\"}]},{\"@type\":\"WebSite\",\"@id\":\"https:\/\/cirveproject.com\/#website\",\"url\":\"https:\/\/cirveproject.com\/\",\"name\":\"CIRVE Project\",\"description\":\"Connecting the Iberian Peninsula with the other countries of the European Union is the mission of the CIRVE Project, whose acronym stands for \u201cIberian Corridors of Rapid Recharging Infrastructure for Electric Vehicles\u201d.\",\"publisher\":{\"@id\":\"https:\/\/cirveproject.com\/#organization\"},\"potentialAction\":[{\"@type\":\"SearchAction\",\"target\":{\"@type\":\"EntryPoint\",\"urlTemplate\":\"https:\/\/cirveproject.com\/?s={search_term_string}\"},\"query-input\":\"required name=search_term_string\"}],\"inLanguage\":\"fr-FR\"},{\"@type\":\"Organization\",\"@id\":\"https:\/\/cirveproject.com\/#organization\",\"name\":\"CIRVE Project\",\"url\":\"https:\/\/cirveproject.com\/\",\"logo\":{\"@type\":\"ImageObject\",\"inLanguage\":\"fr-FR\",\"@id\":\"https:\/\/cirveproject.com\/#\/schema\/logo\/image\/\",\"url\":\"http:\/\/cirveproject.com\/wp-content\/uploads\/2017\/07\/CIRVE_original_WEB.png\",\"contentUrl\":\"http:\/\/cirveproject.com\/wp-content\/uploads\/2017\/07\/CIRVE_original_WEB.png\",\"width\":190,\"height\":65,\"caption\":\"CIRVE Project\"},\"image\":{\"@id\":\"https:\/\/cirveproject.com\/#\/schema\/logo\/image\/\"},\"sameAs\":[\"https:\/\/twitter.com\/CIRVEproject\"]}]}<\/script>\n<!-- \/ Yoast SEO plugin. -->","yoast_head_json":{"title":"QUESTIONS FR\u00c9QUENTES - CIRVE Project","robots":{"index":"index","follow":"follow","max-snippet":"max-snippet:-1","max-image-preview":"max-image-preview:large","max-video-preview":"max-video-preview:-1"},"canonical":"https:\/\/cirveproject.com\/fr\/questions-frequentes\/","og_locale":"fr_FR","og_type":"article","og_title":"QUESTIONS FR\u00c9QUENTES - CIRVE Project","og_url":"https:\/\/cirveproject.com\/fr\/questions-frequentes\/","og_site_name":"CIRVE Project","article_modified_time":"2020-02-25T09:40:12+00:00","twitter_card":"summary_large_image","twitter_site":"@CIRVEproject","twitter_misc":{"Dur\u00e9e de lecture estim\u00e9e":"3 minutes"},"schema":{"@context":"https:\/\/schema.org","@graph":[{"@type":"WebPage","@id":"https:\/\/cirveproject.com\/fr\/questions-frequentes\/","url":"https:\/\/cirveproject.com\/fr\/questions-frequentes\/","name":"QUESTIONS FR\u00c9QUENTES - CIRVE Project","isPartOf":{"@id":"https:\/\/cirveproject.com\/#website"},"datePublished":"2017-06-12T10:38:38+00:00","dateModified":"2020-02-25T09:40:12+00:00","breadcrumb":{"@id":"https:\/\/cirveproject.com\/fr\/questions-frequentes\/#breadcrumb"},"inLanguage":"fr-FR","potentialAction":[{"@type":"ReadAction","target":["https:\/\/cirveproject.com\/fr\/questions-frequentes\/"]}]},{"@type":"BreadcrumbList","@id":"https:\/\/cirveproject.com\/fr\/questions-frequentes\/#breadcrumb","itemListElement":[{"@type":"ListItem","position":1,"name":"Portada","item":"https:\/\/cirveproject.com\/fr\/"},{"@type":"ListItem","position":2,"name":"QUESTIONS FR\u00c9QUENTES"}]},{"@type":"WebSite","@id":"https:\/\/cirveproject.com\/#website","url":"https:\/\/cirveproject.com\/","name":"CIRVE Project","description":"Connecting the Iberian Peninsula with the other countries of the European Union is the mission of the CIRVE Project, whose acronym stands for \u201cIberian Corridors of Rapid Recharging Infrastructure for Electric Vehicles\u201d.","publisher":{"@id":"https:\/\/cirveproject.com\/#organization"},"potentialAction":[{"@type":"SearchAction","target":{"@type":"EntryPoint","urlTemplate":"https:\/\/cirveproject.com\/?s={search_term_string}"},"query-input":"required name=search_term_string"}],"inLanguage":"fr-FR"},{"@type":"Organization","@id":"https:\/\/cirveproject.com\/#organization","name":"CIRVE Project","url":"https:\/\/cirveproject.com\/","logo":{"@type":"ImageObject","inLanguage":"fr-FR","@id":"https:\/\/cirveproject.com\/#\/schema\/logo\/image\/","url":"http:\/\/cirveproject.com\/wp-content\/uploads\/2017\/07\/CIRVE_original_WEB.png","contentUrl":"http:\/\/cirveproject.com\/wp-content\/uploads\/2017\/07\/CIRVE_original_WEB.png","width":190,"height":65,"caption":"CIRVE Project"},"image":{"@id":"https:\/\/cirveproject.com\/#\/schema\/logo\/image\/"},"sameAs":["https:\/\/twitter.com\/CIRVEproject"]}]}},"_links":{"self":[{"href":"https:\/\/cirveproject.com\/fr\/wp-json\/wp\/v2\/pages\/13142"}],"collection":[{"href":"https:\/\/cirveproject.com\/fr\/wp-json\/wp\/v2\/pages"}],"about":[{"href":"https:\/\/cirveproject.com\/fr\/wp-json\/wp\/v2\/types\/page"}],"author":[{"embeddable":true,"href":"https:\/\/cirveproject.com\/fr\/wp-json\/wp\/v2\/users\/1"}],"replies":[{"embeddable":true,"href":"https:\/\/cirveproject.com\/fr\/wp-json\/wp\/v2\/comments?post=13142"}],"version-history":[{"count":3,"href":"https:\/\/cirveproject.com\/fr\/wp-json\/wp\/v2\/pages\/13142\/revisions"}],"predecessor-version":[{"id":13162,"href":"https:\/\/cirveproject.com\/fr\/wp-json\/wp\/v2\/pages\/13142\/revisions\/13162"}],"wp:attachment":[{"href":"https:\/\/cirveproject.com\/fr\/wp-json\/wp\/v2\/media?parent=13142"}],"curies":[{"name":"wp","href":"https:\/\/api.w.org\/{rel}","templated":true}]}}