{"id":13235,"date":"2017-06-07T10:55:22","date_gmt":"2017-06-07T10:55:22","guid":{"rendered":"http:\/\/cirveproject.com\/sobre-cirve\/"},"modified":"2021-09-16T15:33:11","modified_gmt":"2021-09-16T15:33:11","slug":"sobre-cirve","status":"publish","type":"page","link":"https:\/\/cirveproject.com\/pt-pt\/sobre-cirve\/","title":{"rendered":"Sobre CIRVE"},"content":{"rendered":"<style type=\"text\/css\"> \n#cmsmasters_row_69e9045fc8fde { \n\tbackground-color:#ffffff;\n} \n\n#cmsmasters_row_69e9045fc8fde .cmsmasters_row_outer_parent { \n\tpadding-top: 0px; \n} \n\n#cmsmasters_row_69e9045fc8fde .cmsmasters_row_outer_parent { \n\tpadding-bottom: 0px; \n} \n\n#cmsmasters_row_69e9045fc8fde .cmsmasters_row_inner.cmsmasters_row_fullwidth { \n\tpadding-left:0%; \n} \n#cmsmasters_row_69e9045fc8fde .cmsmasters_row_inner.cmsmasters_row_fullwidth { \n\tpadding-right:0%; \n} \n \n\n#cmsmasters_fb_69e9045fc922c { \n\tpadding-top:0px; \n\tpadding-bottom:0px; \n} \n\n#cmsmasters_fb_69e9045fc922c .featured_block_inner { \n\twidth: 100%; \n\tpadding: ; \n\ttext-align: left; \n\tmargin:0 auto; \n} \n\n#cmsmasters_fb_69e9045fc922c .featured_block_text { \n\ttext-align: left; \n} \n\n \n\n#cmsmasters_fb_69e9045fc954e { \n\tpadding-top:0px; \n\tpadding-bottom:0px; \n\tbackground-color:#ffffff;\n} \n\n#cmsmasters_fb_69e9045fc954e .featured_block_inner { \n\twidth: 90%; \n\tpadding: 12% 13% 0% 0%; \n\ttext-align: left; \n\tmargin:0 auto; \n} \n\n#cmsmasters_fb_69e9045fc954e .featured_block_text { \n\ttext-align: left; \n} \n\n \n#cmsmasters_row_69e9045fc976e { \n\tbackground-color:#ffffff;\n} \n\n#cmsmasters_row_69e9045fc976e .cmsmasters_row_outer_parent { \n\tpadding-top: 0px; \n} \n\n#cmsmasters_row_69e9045fc976e .cmsmasters_row_outer_parent { \n\tpadding-bottom: 50px; \n} \n\n \n#cmsmasters_heading_69e9045fc9aa3 { \n\ttext-align:center; \n\tmargin-top:60px; \n\tmargin-bottom:20px; \n} \n\n#cmsmasters_heading_69e9045fc9aa3 .cmsmasters_heading { \n\ttext-align:center; \n} \n\n#cmsmasters_heading_69e9045fc9aa3 .cmsmasters_heading, #cmsmasters_heading_69e9045fc9aa3 .cmsmasters_heading a { \n\tfont-size:45px; \n\tfont-weight:normal; \n\tfont-style:normal; \n\tcolor:#53d572;\n} \n\n#cmsmasters_heading_69e9045fc9aa3 .cmsmasters_heading_divider { \n} \n\n \n#cmsmasters_row_69e9045fc9b20 .cmsmasters_row_outer_parent { \n\tpadding-top: 0px; \n} \n\n#cmsmasters_row_69e9045fc9b20 .cmsmasters_row_outer_parent { \n\tpadding-bottom: 50px; \n} \n\n \n#cmsmasters_row_69e9045fc9e48 .cmsmasters_row_outer_parent { \n\tpadding-top: 0px; \n} \n\n#cmsmasters_row_69e9045fc9e48 .cmsmasters_row_outer_parent { \n\tpadding-bottom: 50px; \n} \n\n \n#cmsmasters_row_69e9045fca2a0 { \n\tbackground-color:#f9f9f9;\n} \n\n#cmsmasters_row_69e9045fca2a0 .cmsmasters_row_outer_parent { \n\tpadding-top: 90px; \n} \n\n#cmsmasters_row_69e9045fca2a0 .cmsmasters_row_outer_parent { \n\tpadding-bottom: 100px; \n} \n\n \n#cmsmasters_heading_69e9045fca6a2 { \n\ttext-align:center; \n\tmargin-top:0px; \n\tmargin-bottom:40px; \n} \n\n#cmsmasters_heading_69e9045fca6a2 .cmsmasters_heading { \n\ttext-align:center; \n} \n\n#cmsmasters_heading_69e9045fca6a2 .cmsmasters_heading, #cmsmasters_heading_69e9045fca6a2 .cmsmasters_heading a { \n\tfont-size:45px; \n\tfont-weight:normal; \n\tfont-style:normal; \n\tcolor:#53d572;\n} \n\n#cmsmasters_heading_69e9045fca6a2 .cmsmasters_heading_divider { \n} \n\n<\/style><div id=\"cmsmasters_row_69e9045fc8fde\" class=\"cmsmasters_row cmsmasters_color_scheme_default cmsmasters_row_top_default cmsmasters_row_bot_default cmsmasters_row_fullwidth\">\n<div id=\"projeto\" class=\"cmsmasters_row_outer_parent\">\n<div class=\"cmsmasters_row_outer\">\n<div class=\"cmsmasters_row_inner cmsmasters_row_fullwidth\">\n<div class=\"cmsmasters_row_margin\">\n<div class=\"cmsmasters_column one_half\">\n<div id=\"cmsmasters_fb_69e9045fc922c\" class=\"cmsmasters_featured_block\">\n<div class=\"featured_block_inner\">\n<div class=\"featured_block_text\">\n<iframe loading=\"lazy\" src=\"https:\/\/www.google.com\/maps\/d\/embed?mid=1TvBfu41DowwGIcqFpFgmK4PxT1p_oBk6\" width=\"100%\" height=\"480\"><\/iframe>\n<\/div>\n<\/div>\n<\/div>\n<\/div>\n<div class=\"cmsmasters_column one_half\">\n<div id=\"cmsmasters_fb_69e9045fc954e\" class=\"cmsmasters_featured_block\">\n<div class=\"featured_block_inner\">\n<div class=\"featured_block_text\">\n<h3><strong><span style=\"color: #46c965;\">O PROJETO<br \/>\n<\/span><\/strong><\/h3>\n<p>A A\u00e7\u00e3o tem lugar nos Corredores Atl\u00e2ntico e Mediterr\u00e2neo da Espanha e do Portugal (ainda que exista uma A\u00e7\u00e3o \u201cg\u00e9mea\u201d denominada Cirve_PT, irm\u00e1 da A\u00e7\u00e3o 2015-PT-0433-S).<\/p>\n<p>O seu objetivo \u00e9 <strong>promover a utiliza\u00e7\u00e3o dos ve\u00edculos el\u00e9tricos entre os dois pa\u00edses e a Fran\u00e7a num quadro transfronteiri\u00e7o<\/strong> totalmente interoper\u00e1vel que permita aos propriet\u00e1rios de ve\u00edculos el\u00e9tricos transitar desde o Norte da Europa para a Pen\u00ednsula Ib\u00e9rica, refor\u00e7ando assim os v\u00ednculos entre os cidad\u00e3os do Norte e do Sul do Velho Continente.<\/p>\n<p>Para isso ser\u00e1 efetuado um estudo-piloto a fim de implantar 58 pontos de carregamento r\u00e1pido multipadr\u00e3o ao longo <strong>dos corredores ib\u00e9ricos da UE<\/strong> (Mediterr\u00e2neo e Atl\u00e2ntico), com a \u00eanfase para as zonas transfronteiri\u00e7as entre o Portugal, a Espanha e a Fran\u00e7a (40 na Espanha e 18 no Portugal).<\/p>\n<p>Esses estudos v\u00e3o permitir a <strong>identifica\u00e7\u00e3o de solu\u00e7\u00f5es para as barreras atuais tanto t\u00e9cnicas como jur\u00eddicas e ainda econ\u00f3micas<\/strong>, e o desenho de um modelo de neg\u00f3cio para a consolida\u00e7\u00e3o do desenvolvimento de combust\u00edveis alternativos na Pen\u00ednsula Ib\u00e9rica.<\/p>\n<p><a id=\"parceiros\" name=\"parceiros\"><\/a><\/p>\n<\/div>\n<\/div>\n<\/div>\n<\/div>\n<\/div>\n<\/div>\n<\/div>\n<\/div>\n<\/div>\n<div id=\"cmsmasters_row_69e9045fc95f4\" class=\"cmsmasters_row cmsmasters_color_scheme_default cmsmasters_row_top_default cmsmasters_row_bot_default cmsmasters_row_boxed\">\n<div class=\"cmsmasters_row_outer_parent\">\n<div class=\"cmsmasters_row_outer\">\n<div class=\"cmsmasters_row_inner\">\n<div class=\"cmsmasters_row_margin\">\n<div class=\"cmsmasters_column one_first\">\n<div class=\"cmsmasters_text\">\n<p>&nbsp;<\/p>\n<\/div>\n<\/div>\n<\/div>\n<\/div>\n<\/div>\n<\/div>\n<\/div>\n<div id=\"cmsmasters_row_69e9045fc976e\" class=\"cmsmasters_row cmsmasters_color_scheme_default cmsmasters_row_top_default cmsmasters_row_bot_default cmsmasters_row_boxed\">\n<div id=\"partners\" class=\"cmsmasters_row_outer_parent\">\n<div class=\"cmsmasters_row_outer\">\n<div class=\"cmsmasters_row_inner\">\n<div class=\"cmsmasters_row_margin\">\n<div class=\"cmsmasters_column one_first\">\n\n<div id=\"cmsmasters_heading_69e9045fc9aa3\" class=\"cmsmasters_heading_wrap cmsmasters_heading_align_center\">\n\t<h3 class=\"cmsmasters_heading\">PARCEIROS<\/h3>\n<\/div>\n<\/div>\n<\/div>\n<\/div>\n<\/div>\n<\/div>\n<\/div>\n<div id=\"cmsmasters_row_69e9045fc9b20\" class=\"cmsmasters_row cmsmasters_color_scheme_default cmsmasters_row_top_default cmsmasters_row_bot_default cmsmasters_row_boxed\">\n<div class=\"cmsmasters_row_outer_parent\">\n<div class=\"cmsmasters_row_outer\">\n<div class=\"cmsmasters_row_inner\">\n<div class=\"cmsmasters_row_margin\">\n<div class=\"cmsmasters_column one_fourth\">\n<div class=\"cmsmasters_text\">\n<p><img loading=\"lazy\" decoding=\"async\" class=\"aligncenter size-full wp-image-13448\" src=\"http:\/\/cirveproject.com\/wp-content\/uploads\/2021\/09\/Logo-AEDIVE.jpg\" alt=\"\" width=\"258\" height=\"70\" \/><\/p>\n<p style=\"text-align: center;\"><a href=\"http:\/\/aedive.es\/ \"><strong>aedive.es<\/strong><\/a><\/p>\n<\/div>\n<\/div>\n<div class=\"cmsmasters_column one_fourth\">\n<div class=\"cmsmasters_text\">\n<p><img loading=\"lazy\" decoding=\"async\" class=\"aligncenter size-full wp-image-12961\" src=\"http:\/\/cirveproject.com\/wp-content\/uploads\/2019\/01\/CEIIA.jpg\" alt=\"\" width=\"258\" height=\"70\" \/><\/p>\n<p style=\"text-align: center;\"><a href=\"https:\/\/www.ceiia.com\/ \"><strong>ceiia.com<\/strong><\/a><\/p>\n<\/div>\n<\/div>\n<div class=\"cmsmasters_column one_fourth\">\n<div class=\"cmsmasters_text\">\n<p><img loading=\"lazy\" decoding=\"async\" class=\"aligncenter size-full wp-image-13453\" src=\"http:\/\/cirveproject.com\/wp-content\/uploads\/2021\/09\/EDP.jpg\" alt=\"\" width=\"258\" height=\"70\" \/><\/p>\n<p style=\"text-align: center;\"><a href=\"http:\/\/www.edpenergia.es\/es\/\"><strong>edpenergia.es<\/strong><\/a><\/p>\n<\/div>\n<\/div>\n<div class=\"cmsmasters_column one_fourth\">\n<div class=\"cmsmasters_text\">\n<p><img loading=\"lazy\" decoding=\"async\" class=\"aligncenter size-full wp-image-13457\" src=\"http:\/\/cirveproject.com\/wp-content\/uploads\/2021\/09\/Endesa_X.jpg\" alt=\"\" width=\"258\" height=\"70\" \/><\/p>\n<p style=\"text-align: center;\"><a href=\"https:\/\/www.endesax.com\/es\"><strong>endesax.com<\/strong><\/a><\/p>\n<\/div>\n<\/div>\n<\/div>\n<\/div>\n<\/div>\n<\/div>\n<\/div>\n<div id=\"cmsmasters_row_69e9045fc9e48\" class=\"cmsmasters_row cmsmasters_color_scheme_default cmsmasters_row_top_default cmsmasters_row_bot_default cmsmasters_row_boxed\">\n<div class=\"cmsmasters_row_outer_parent\">\n<div class=\"cmsmasters_row_outer\">\n<div class=\"cmsmasters_row_inner\">\n<div class=\"cmsmasters_row_margin\">\n<div class=\"cmsmasters_column one_fourth\">\n<div class=\"cmsmasters_text\">\n<p><img loading=\"lazy\" decoding=\"async\" class=\"aligncenter size-full wp-image-12967\" src=\"http:\/\/cirveproject.com\/wp-content\/uploads\/2019\/01\/GIC-Logo-1.png\" alt=\"\" width=\"258\" height=\"70\" \/><\/p>\n<p style=\"text-align: center;\"><a href=\"http:\/\/www.recargagic.com\/ \"><strong>recargagic.com<\/strong><\/a><\/p>\n<\/div>\n<\/div>\n<div class=\"cmsmasters_column one_fourth\">\n<div class=\"cmsmasters_text\">\n<p><img loading=\"lazy\" decoding=\"async\" class=\"aligncenter size-full wp-image-12969\" src=\"http:\/\/cirveproject.com\/wp-content\/uploads\/2019\/01\/IBERDROLA.jpg\" alt=\"\" width=\"258\" height=\"70\" \/><\/p>\n<p style=\"text-align: center;\"><a href=\"https:\/\/www.iberdrola.es\/ \"><strong>iberdrola.es<\/strong><\/a><\/p>\n<\/div>\n<\/div>\n<div class=\"cmsmasters_column one_fourth\">\n<div class=\"cmsmasters_text\">\n<p><img loading=\"lazy\" decoding=\"async\" class=\"aligncenter size-full wp-image-13318\" src=\"http:\/\/cirveproject.com\/wp-content\/uploads\/2020\/03\/IBIL.jpg\" alt=\"\" width=\"258\" height=\"70\" \/><\/p>\n<p style=\"text-align: center;\"><a href=\"https:\/\/www.ibil.es\/index.php\/es\/\"><strong>ibil.es<\/strong><\/a><\/p>\n<\/div>\n<\/div>\n<div class=\"cmsmasters_column one_fourth\">\n<div class=\"cmsmasters_text\">\n<p style=\"text-align: center;\"><img loading=\"lazy\" decoding=\"async\" class=\"aligncenter size-full wp-image-13461\" src=\"http:\/\/cirveproject.com\/wp-content\/uploads\/2021\/09\/MobilizeRenault.jpg\" alt=\"\" width=\"258\" height=\"70\" \/><\/p>\n<p style=\"text-align: center;\"><a href=\"http:\/\/www.renault.es\/\"><strong>renault.es<\/strong><\/a><\/p>\n<\/div>\n<\/div>\n<\/div>\n<\/div>\n<\/div>\n<\/div>\n<\/div>\n<div id=\"cmsmasters_row_69e9045fca107\" class=\"cmsmasters_row cmsmasters_color_scheme_default cmsmasters_row_top_default cmsmasters_row_bot_default cmsmasters_row_boxed\">\n<div class=\"cmsmasters_row_outer_parent\">\n<div class=\"cmsmasters_row_outer\">\n<div class=\"cmsmasters_row_inner\">\n<div class=\"cmsmasters_row_margin\">\n<div class=\"cmsmasters_column one_first\">\n<div class=\"cmsmasters_text\">\n<p><a id=\"caracteristicas\" name=\"caracteristicas\"><\/a><\/p>\n<\/div>\n<\/div>\n<\/div>\n<\/div>\n<\/div>\n<\/div>\n<\/div>\n<div id=\"cmsmasters_row_69e9045fca1ef\" class=\"cmsmasters_row cmsmasters_color_scheme_default cmsmasters_row_top_default cmsmasters_row_bot_default cmsmasters_row_boxed\">\n<div class=\"cmsmasters_row_outer_parent\">\n<div class=\"cmsmasters_row_outer\">\n<div class=\"cmsmasters_row_inner\">\n<div class=\"cmsmasters_row_margin\">\n<div class=\"cmsmasters_column one_first\">\n<div class=\"cmsmasters_text\">\n<p><\/p>\n<\/div>\n<\/div>\n<\/div>\n<\/div>\n<\/div>\n<\/div>\n<\/div>\n<div id=\"cmsmasters_row_69e9045fca2a0\" class=\"cmsmasters_row cmsmasters_color_scheme_default cmsmasters_row_top_default cmsmasters_row_bot_default cmsmasters_row_boxed\">\n<div id=\"characteristics\" class=\"cmsmasters_row_outer_parent\">\n<div class=\"cmsmasters_row_outer\">\n<div class=\"cmsmasters_row_inner\">\n<div class=\"cmsmasters_row_margin\">\n<div class=\"cmsmasters_column one_first\">\n\n<div id=\"cmsmasters_heading_69e9045fca6a2\" class=\"cmsmasters_heading_wrap cmsmasters_heading_align_center\">\n\t<h3 class=\"cmsmasters_heading\">CARACTER\u00cdSTICAS<\/h3>\n<\/div><div class=\"cmsmasters_tabs tabs_mode_tab\">\n<ul class=\"cmsmasters_tabs_list\">\n<li id=\"cmsmasters_tabs_list_item_69e9045fca982\" class=\"cmsmasters_tabs_list_item current_tab\">\n<a href=\"#\" class=\"cmsmasters-icon-doc-text-inv\">\n<span>Hist\u00f3ria<\/span>\n<\/a>\n<\/li><li id=\"cmsmasters_tabs_list_item_69e9045fcab3c\" class=\"cmsmasters_tabs_list_item\">\n<a href=\"#\" class=\"cmsmasters-icon-clock\">\n<span>Calend\u00e1rio para a implanta\u00e7\u00e3o<\/span>\n<\/a>\n<\/li><li id=\"cmsmasters_tabs_list_item_69e9045fcad1f\" class=\"cmsmasters_tabs_list_item\">\n<a href=\"#\" class=\"cmsmasters-icon-money\">\n<span>Or\u00e7amento<\/span>\n<\/a>\n<\/li><li id=\"cmsmasters_tabs_list_item_69e9045fcaeb5\" class=\"cmsmasters_tabs_list_item\">\n<a href=\"#\" class=\"cmsmasters-icon-megaphone-1\">\n<span>Impacto<\/span>\n<\/a>\n<\/li><\/ul>\n<div class=\"cmsmasters_tabs_wrap\">\n<div id=\"cmsmasters_tab_69e9045fca982\" class=\"cmsmasters_tab active_tab\">\n<div class=\"cmsmasters_tab_inner\">\n<p>A miss\u00e3o do projeto CIRVE (cujas siglas correspondem a \u201cCorredores Ib\u00e9ricos de Infraestruturas de Recarga R\u00e1pida de Ve\u00edculos El\u00e9tricos\u201d) \u00e9 a de conetar a Pen\u00ednsula Ib\u00e9rica com o resto de pa\u00edses da Uni\u00e3o Europeia. Assim, o projeto prev\u00ea a instala\u00e7\u00e3o de 25 novos pontos de recarga r\u00e1pida na Espanha e a adapta\u00e7\u00e3o de mais 15 pontos j\u00e1 em funcionamento em algumas posi\u00e7\u00f5es estrat\u00e9gicas dos corredores ib\u00e9ricos.<\/p>\n<p>O projeto \u00e9 desenvolvido por um cons\u00f3rcio formado pela\u00a0 <strong>IBIL<\/strong> (l\u00edder do projeto), a <strong>EDP<\/strong>, a <strong>ENDESA<\/strong>, a <strong>GIC<\/strong> e a <strong>IBERDROLA<\/strong>, juntamente com a Associa\u00e7\u00e3o <strong>AEDIVE<\/strong> e dois parceiros internacionais: a RENAULT e o <strong>Centro para a Excel\u00eancia e a Inova\u00e7\u00e3o de Portugal, CEIIA<\/strong>. Al\u00e9m disso, conta com o apoio dos minist\u00e9rios espanh\u00f3is dos Transportes e de\u00a0 Economia, Industria e Competitividade. O plano \u00e9 co-finan\u00e7ado atrav\u00e9s da convocat\u00f3ria de 2015 do <strong>Connecting Europe Facility (CEF)<\/strong>.<\/p>\n<p>A <strong>AEDIVE<\/strong> \u00e9 a Associa\u00e7\u00e3o Empresarial para o Desenvolvimento e o Impulso do Ve\u00edculo El\u00e9trico, uma agrupa\u00e7\u00e3o de Empresas Inovadoras que aglutina a cadeia de valor completa do ve\u00edculo el\u00e9trico e cuia finalidade \u00e9 a da gest\u00e3o, a representa\u00e7\u00e3o e a defesa e coordena\u00e7\u00e3o dos interesses comuns aos seus membros; no projeto CIRVE, \u00e9 respons\u00e1vel pela Atividade 9 para a Comunica\u00e7\u00e3o e a difus\u00e3o do projeto.<\/p>\n<\/div>\n<\/div><div id=\"cmsmasters_tab_69e9045fcab3c\" class=\"cmsmasters_tab\">\n<div class=\"cmsmasters_tab_inner\">\n<p>Julho 2016 \u2013 Dezembro de 2020<\/p>\n<\/div>\n<\/div><div id=\"cmsmasters_tab_69e9045fcad1f\" class=\"cmsmasters_tab\">\n<div class=\"cmsmasters_tab_inner\">\n<p><strong>Custo estimado da a\u00e7\u00e3o: \u00a0<\/strong> \u00a0 \u00a0 \u00a0 \u00a0 \u00a0 \u00a0 \u00a0 \u00a0 \u00a0 \u00a0 \u00a0\u00a0 3 523 232 \u20ac<\/p>\n<p><strong>Contribui\u00e7\u00e3o m\u00e1xima da UE:\u00a0\u00a0\u00a0<\/strong>\u00a0\u00a0\u00a0\u00a0\u00a0\u00a0\u00a0\u00a0\u00a0\u00a0\u00a0\u00a0\u00a0\u00a0\u00a0 1 761 616 \u20ac<\/p>\n<p><strong>Percentagem da contribui\u00e7\u00e3o da UE: \u00a0<\/strong> \u00a0 \u00a0 50%<\/p>\n<\/div>\n<\/div><div id=\"cmsmasters_tab_69e9045fcaeb5\" class=\"cmsmasters_tab\">\n<div class=\"cmsmasters_tab_inner\">\n<p>Veja em baixo os marcos do Projeto CIRVE que ser\u00e3o realizados nos tr\u00eas pr\u00f3ximos anos.<\/p>\n<\/div>\n<\/div><\/div>\n<\/div>\n<\/div>\n<\/div>\n<\/div>\n<\/div>\n<\/div>\n<\/div>\n\n","protected":false},"excerpt":{"rendered":"","protected":false},"author":1,"featured_media":0,"parent":0,"menu_order":0,"comment_status":"closed","ping_status":"closed","template":"","meta":{"footnotes":""},"yoast_head":"<!-- This site is optimized with the Yoast SEO plugin v22.1 - https:\/\/yoast.com\/wordpress\/plugins\/seo\/ -->\n<title>Sobre CIRVE - CIRVE Project<\/title>\n<meta name=\"robots\" content=\"index, follow, max-snippet:-1, max-image-preview:large, max-video-preview:-1\" \/>\n<link rel=\"canonical\" href=\"https:\/\/cirveproject.com\/pt-pt\/sobre-cirve\/\" \/>\n<meta property=\"og:locale\" content=\"pt_PT\" \/>\n<meta property=\"og:type\" content=\"article\" \/>\n<meta property=\"og:title\" content=\"Sobre CIRVE - CIRVE Project\" \/>\n<meta property=\"og:url\" content=\"https:\/\/cirveproject.com\/pt-pt\/sobre-cirve\/\" \/>\n<meta property=\"og:site_name\" content=\"CIRVE Project\" \/>\n<meta property=\"article:modified_time\" content=\"2021-09-16T15:33:11+00:00\" \/>\n<meta property=\"og:image\" content=\"http:\/\/cirveproject.com\/wp-content\/uploads\/2021\/09\/Logo-AEDIVE.jpg\" \/>\n<meta name=\"twitter:card\" content=\"summary_large_image\" \/>\n<meta name=\"twitter:site\" content=\"@CIRVEproject\" \/>\n<meta name=\"twitter:label1\" content=\"Tempo estimado de leitura\" \/>\n\t<meta name=\"twitter:data1\" content=\"5 minutos\" \/>\n<script type=\"application\/ld+json\" class=\"yoast-schema-graph\">{\"@context\":\"https:\/\/schema.org\",\"@graph\":[{\"@type\":\"WebPage\",\"@id\":\"https:\/\/cirveproject.com\/pt-pt\/sobre-cirve\/\",\"url\":\"https:\/\/cirveproject.com\/pt-pt\/sobre-cirve\/\",\"name\":\"Sobre CIRVE - CIRVE Project\",\"isPartOf\":{\"@id\":\"https:\/\/cirveproject.com\/#website\"},\"datePublished\":\"2017-06-07T10:55:22+00:00\",\"dateModified\":\"2021-09-16T15:33:11+00:00\",\"breadcrumb\":{\"@id\":\"https:\/\/cirveproject.com\/pt-pt\/sobre-cirve\/#breadcrumb\"},\"inLanguage\":\"pt-PT\",\"potentialAction\":[{\"@type\":\"ReadAction\",\"target\":[\"https:\/\/cirveproject.com\/pt-pt\/sobre-cirve\/\"]}]},{\"@type\":\"BreadcrumbList\",\"@id\":\"https:\/\/cirveproject.com\/pt-pt\/sobre-cirve\/#breadcrumb\",\"itemListElement\":[{\"@type\":\"ListItem\",\"position\":1,\"name\":\"Portada\",\"item\":\"https:\/\/cirveproject.com\/pt-pt\/\"},{\"@type\":\"ListItem\",\"position\":2,\"name\":\"Sobre CIRVE\"}]},{\"@type\":\"WebSite\",\"@id\":\"https:\/\/cirveproject.com\/#website\",\"url\":\"https:\/\/cirveproject.com\/\",\"name\":\"CIRVE Project\",\"description\":\"Connecting the Iberian Peninsula with the other countries of the European Union is the mission of the CIRVE Project, whose acronym stands for \u201cIberian Corridors of Rapid Recharging Infrastructure for Electric Vehicles\u201d.\",\"publisher\":{\"@id\":\"https:\/\/cirveproject.com\/#organization\"},\"potentialAction\":[{\"@type\":\"SearchAction\",\"target\":{\"@type\":\"EntryPoint\",\"urlTemplate\":\"https:\/\/cirveproject.com\/?s={search_term_string}\"},\"query-input\":\"required name=search_term_string\"}],\"inLanguage\":\"pt-PT\"},{\"@type\":\"Organization\",\"@id\":\"https:\/\/cirveproject.com\/#organization\",\"name\":\"CIRVE Project\",\"url\":\"https:\/\/cirveproject.com\/\",\"logo\":{\"@type\":\"ImageObject\",\"inLanguage\":\"pt-PT\",\"@id\":\"https:\/\/cirveproject.com\/#\/schema\/logo\/image\/\",\"url\":\"http:\/\/cirveproject.com\/wp-content\/uploads\/2017\/07\/CIRVE_original_WEB.png\",\"contentUrl\":\"http:\/\/cirveproject.com\/wp-content\/uploads\/2017\/07\/CIRVE_original_WEB.png\",\"width\":190,\"height\":65,\"caption\":\"CIRVE Project\"},\"image\":{\"@id\":\"https:\/\/cirveproject.com\/#\/schema\/logo\/image\/\"},\"sameAs\":[\"https:\/\/twitter.com\/CIRVEproject\"]}]}<\/script>\n<!-- \/ Yoast SEO plugin. -->","yoast_head_json":{"title":"Sobre CIRVE - CIRVE Project","robots":{"index":"index","follow":"follow","max-snippet":"max-snippet:-1","max-image-preview":"max-image-preview:large","max-video-preview":"max-video-preview:-1"},"canonical":"https:\/\/cirveproject.com\/pt-pt\/sobre-cirve\/","og_locale":"pt_PT","og_type":"article","og_title":"Sobre CIRVE - CIRVE Project","og_url":"https:\/\/cirveproject.com\/pt-pt\/sobre-cirve\/","og_site_name":"CIRVE Project","article_modified_time":"2021-09-16T15:33:11+00:00","og_image":[{"url":"http:\/\/cirveproject.com\/wp-content\/uploads\/2021\/09\/Logo-AEDIVE.jpg"}],"twitter_card":"summary_large_image","twitter_site":"@CIRVEproject","twitter_misc":{"Tempo estimado de leitura":"5 minutos"},"schema":{"@context":"https:\/\/schema.org","@graph":[{"@type":"WebPage","@id":"https:\/\/cirveproject.com\/pt-pt\/sobre-cirve\/","url":"https:\/\/cirveproject.com\/pt-pt\/sobre-cirve\/","name":"Sobre CIRVE - CIRVE Project","isPartOf":{"@id":"https:\/\/cirveproject.com\/#website"},"datePublished":"2017-06-07T10:55:22+00:00","dateModified":"2021-09-16T15:33:11+00:00","breadcrumb":{"@id":"https:\/\/cirveproject.com\/pt-pt\/sobre-cirve\/#breadcrumb"},"inLanguage":"pt-PT","potentialAction":[{"@type":"ReadAction","target":["https:\/\/cirveproject.com\/pt-pt\/sobre-cirve\/"]}]},{"@type":"BreadcrumbList","@id":"https:\/\/cirveproject.com\/pt-pt\/sobre-cirve\/#breadcrumb","itemListElement":[{"@type":"ListItem","position":1,"name":"Portada","item":"https:\/\/cirveproject.com\/pt-pt\/"},{"@type":"ListItem","position":2,"name":"Sobre CIRVE"}]},{"@type":"WebSite","@id":"https:\/\/cirveproject.com\/#website","url":"https:\/\/cirveproject.com\/","name":"CIRVE Project","description":"Connecting the Iberian Peninsula with the other countries of the European Union is the mission of the CIRVE Project, whose acronym stands for \u201cIberian Corridors of Rapid Recharging Infrastructure for Electric Vehicles\u201d.","publisher":{"@id":"https:\/\/cirveproject.com\/#organization"},"potentialAction":[{"@type":"SearchAction","target":{"@type":"EntryPoint","urlTemplate":"https:\/\/cirveproject.com\/?s={search_term_string}"},"query-input":"required name=search_term_string"}],"inLanguage":"pt-PT"},{"@type":"Organization","@id":"https:\/\/cirveproject.com\/#organization","name":"CIRVE Project","url":"https:\/\/cirveproject.com\/","logo":{"@type":"ImageObject","inLanguage":"pt-PT","@id":"https:\/\/cirveproject.com\/#\/schema\/logo\/image\/","url":"http:\/\/cirveproject.com\/wp-content\/uploads\/2017\/07\/CIRVE_original_WEB.png","contentUrl":"http:\/\/cirveproject.com\/wp-content\/uploads\/2017\/07\/CIRVE_original_WEB.png","width":190,"height":65,"caption":"CIRVE Project"},"image":{"@id":"https:\/\/cirveproject.com\/#\/schema\/logo\/image\/"},"sameAs":["https:\/\/twitter.com\/CIRVEproject"]}]}},"_links":{"self":[{"href":"https:\/\/cirveproject.com\/pt-pt\/wp-json\/wp\/v2\/pages\/13235"}],"collection":[{"href":"https:\/\/cirveproject.com\/pt-pt\/wp-json\/wp\/v2\/pages"}],"about":[{"href":"https:\/\/cirveproject.com\/pt-pt\/wp-json\/wp\/v2\/types\/page"}],"author":[{"embeddable":true,"href":"https:\/\/cirveproject.com\/pt-pt\/wp-json\/wp\/v2\/users\/1"}],"replies":[{"embeddable":true,"href":"https:\/\/cirveproject.com\/pt-pt\/wp-json\/wp\/v2\/comments?post=13235"}],"version-history":[{"count":7,"href":"https:\/\/cirveproject.com\/pt-pt\/wp-json\/wp\/v2\/pages\/13235\/revisions"}],"predecessor-version":[{"id":13469,"href":"https:\/\/cirveproject.com\/pt-pt\/wp-json\/wp\/v2\/pages\/13235\/revisions\/13469"}],"wp:attachment":[{"href":"https:\/\/cirveproject.com\/pt-pt\/wp-json\/wp\/v2\/media?parent=13235"}],"curies":[{"name":"wp","href":"https:\/\/api.w.org\/{rel}","templated":true}]}}